{"id":4175,"date":"2023-02-16T09:27:06","date_gmt":"2023-02-16T07:27:06","guid":{"rendered":"https:\/\/www.raisionlukio.fi\/?page_id=4175"},"modified":"2025-10-08T10:56:58","modified_gmt":"2025-10-08T07:56:58","slug":"urheilijan-polku","status":"publish","type":"page","link":"https:\/\/www.raisionlukio.fi\/?page_id=4175","title":{"rendered":"URHEILIJAN POLKU"},"content":{"rendered":"\t\t<div data-elementor-type=\"wp-page\" data-elementor-id=\"4175\" class=\"elementor elementor-4175\">\n\t\t\t\t\t\t<section class=\"elementor-section elementor-top-section elementor-element elementor-element-5f718c8 elementor-section-boxed elementor-section-height-default elementor-section-height-default\" data-id=\"5f718c8\" data-element_type=\"section\" data-e-type=\"section\">\n\t\t\t\t\t\t<div class=\"elementor-container elementor-column-gap-default\">\n\t\t\t\t\t<div class=\"elementor-column elementor-col-100 elementor-top-column elementor-element elementor-element-ca8b3ca\" data-id=\"ca8b3ca\" data-element_type=\"column\" data-e-type=\"column\">\n\t\t\t<div class=\"elementor-widget-wrap elementor-element-populated\">\n\t\t\t\t\t\t<div class=\"elementor-element elementor-element-e3f11b2 elementor-widget elementor-widget-text-editor\" data-id=\"e3f11b2\" data-element_type=\"widget\" data-e-type=\"widget\" data-widget_type=\"text-editor.default\">\n\t\t\t\t<div class=\"elementor-widget-container\">\n\t\t\t\t\t\t\t\t\t<p><span style=\"font-weight: 400;\">Raision lukiolla on Urheilijan polku, jossa opiskelija voi yhdist\u00e4\u00e4 tavoitteellisen opiskelun ja urheilun.<\/span><\/p><p><strong>Kenelle Urheilijan polku on tarkoitettu?<\/strong><\/p><p><span style=\"font-weight: 400;\">Urheilijan polku on tarkoitettu tavoitteellisille urheilijoille, joilla on s\u00e4\u00e4nn\u00f6llisi\u00e4 treenej\u00e4.Urheilijan polulle voi hakea seuraavilla kriteereill\u00e4:<\/span><\/p><ul><li style=\"font-weight: 400;\" aria-level=\"1\"><span style=\"font-weight: 400;\">hakija t\u00e4ytt\u00e4\u00e4 Raision lukion p\u00e4\u00e4syvaatimukset<\/span><\/li><li style=\"font-weight: 400;\" aria-level=\"1\"><span style=\"font-weight: 400;\">hakija on hakuhetkell\u00e4 urheiluseuran j\u00e4sen<\/span><\/li><li style=\"font-weight: 400;\" aria-level=\"1\"><span style=\"font-weight: 400;\">opiskelijalla voimassa oleva kilpailulisenssi tai muu tavoitteellinen peruste<\/span><\/li><\/ul><p><span style=\"font-weight: 400;\">Yhteishaussa Raision lukioon haetaan lukuaineiden keskiarvolla.\u00a0<\/span><\/p><p><span style=\"font-weight: 400;\">Opiskelijaksi hyv\u00e4ksytyn\u00a0 tulee olla yhteydess\u00e4 opinto-ohjaajaan kes\u00e4ll\u00e4 yhteishaun tulosten tultua.<\/span><\/p><p><strong>Mit\u00e4 sis\u00e4lt\u00e4\u00e4?<\/strong><\/p><ul><li style=\"font-weight: 400;\" aria-level=\"1\"><span style=\"font-weight: 400;\">aloitusinfo elokuussa sek\u00e4 opiskelijoille ett\u00e4 huoltajille<\/span><\/li><li style=\"font-weight: 400;\" aria-level=\"1\"><span style=\"font-weight: 400;\">lukukausittain ryhm\u00e4n tapaamiset<\/span><\/li><li style=\"font-weight: 400;\" aria-level=\"1\"><span style=\"font-weight: 400;\">lukuvuosittain urheilijan harjoittelutilanteen selvitt\u00e4minen<\/span><\/li><li style=\"font-weight: 400;\" aria-level=\"1\">Opiskelija voi suorittaa enint\u00e4\u00e4n 10 op lukio-opintoja tavoitteellisella valmentautumisella<\/li><li aria-level=\"1\">opiskelija voi osallistua urheiluseuran j\u00e4rjest\u00e4miin aamutreeneihin. (Ralu ei j\u00e4rjest\u00e4 aamutreenej\u00e4)<\/li><\/ul><p><strong>Miten opintoja seurataan ja tuetaan?<\/strong><\/p><ul><li><span style=\"font-weight: 400;\">laaditaan yksil\u00f6llinen opiskelusuunnitelma opinto-ohjaajan kanssa (suositellaan 3,5-4 vuoden opintosuunnitelmaa)<\/span><\/li><li><span style=\"font-weight: 400;\">urheilijan opiskelusuunnitelma, jota opiskelija p\u00e4ivitt\u00e4\u00e4 tarpeen mukaan<\/span><\/li><li><span style=\"font-weight: 400;\">ryhm\u00e4nohjaaja seuraa poissaoloja ja opintopisteiden kertymist\u00e4<\/span><\/li><li><span style=\"font-weight: 400;\">opiskelijalle on tarjolla tukiopetusta ja erityisopettajan tuki <\/span>tarpeen mukaan<\/li><\/ul><p><span style=\"font-weight: 400;\">Urheilijan polulle voi tulla mukaan kesken lukio-opintojen. Urheilijan polulle haluavan opiskelijan on otettava yhteytt\u00e4 opinto-ohjaajaan, jotta h\u00e4nelle voidaan tehd\u00e4 henkil\u00f6kohtainen opintosuunnitelma.<\/span><\/p><p><span style=\"font-weight: 400;\">Urheilijan polulta voi poistua kesken lukio-opintojen, jos urheilemisen m\u00e4\u00e4r\u00e4 v\u00e4henee tai loppuu lukion aikana.\u00a0<\/span><\/p><p><span style=\"font-weight: 400;\">Lis\u00e4tietoja opinto-ohjaajilta Tuula Putkuri ja Eeva M\u00e4kinen, s\u00e4hk\u00f6posti etunimi.sukunimi@raisio.fi<\/span><\/p>\t\t\t\t\t\t\t\t<\/div>\n\t\t\t\t<\/div>\n\t\t\t\t\t<\/div>\n\t\t<\/div>\n\t\t\t\t\t<\/div>\n\t\t<\/section>\n\t\t\t\t<\/div>\n\t\t","protected":false},"excerpt":{"rendered":"<p>Raision lukiolla on Urheilijan polku, jossa opiskelija voi yhdist\u00e4\u00e4 tavoitteellisen opiskelun ja urheilun. Kenelle Urheilijan polku on tarkoitettu? Urheilijan polku on tarkoitettu tavoitteellisille urheilijoille, joilla on s\u00e4\u00e4nn\u00f6llisi\u00e4 treenej\u00e4.Urheilijan polulle voi hakea seuraavilla kriteereill\u00e4: hakija t\u00e4ytt\u00e4\u00e4 Raision lukion p\u00e4\u00e4syvaatimukset hakija on hakuhetkell\u00e4 urheiluseuran j\u00e4sen opiskelijalla voimassa oleva kilpailulisenssi tai muu tavoitteellinen peruste Yhteishaussa Raision lukioon haetaan [&hellip;]<\/p>\n","protected":false},"author":1,"featured_media":0,"parent":0,"menu_order":0,"comment_status":"closed","ping_status":"closed","template":"","meta":{"ocean_post_layout":"","ocean_both_sidebars_style":"","ocean_both_sidebars_content_width":0,"ocean_both_sidebars_sidebars_width":0,"ocean_sidebar":"0","ocean_second_sidebar":"0","ocean_disable_margins":"enable","ocean_add_body_class":"","ocean_shortcode_before_top_bar":"","ocean_shortcode_after_top_bar":"","ocean_shortcode_before_header":"","ocean_shortcode_after_header":"","ocean_has_shortcode":"","ocean_shortcode_after_title":"","ocean_shortcode_before_footer_widgets":"","ocean_shortcode_after_footer_widgets":"","ocean_shortcode_before_footer_bottom":"","ocean_shortcode_after_footer_bottom":"","ocean_display_top_bar":"default","ocean_display_header":"default","ocean_header_style":"","ocean_center_header_left_menu":"0","ocean_custom_header_template":"0","ocean_custom_logo":0,"ocean_custom_retina_logo":0,"ocean_custom_logo_max_width":0,"ocean_custom_logo_tablet_max_width":0,"ocean_custom_logo_mobile_max_width":0,"ocean_custom_logo_max_height":0,"ocean_custom_logo_tablet_max_height":0,"ocean_custom_logo_mobile_max_height":0,"ocean_header_custom_menu":"0","ocean_menu_typo_font_family":"0","ocean_menu_typo_font_subset":"","ocean_menu_typo_font_size":0,"ocean_menu_typo_font_size_tablet":0,"ocean_menu_typo_font_size_mobile":0,"ocean_menu_typo_font_size_unit":"px","ocean_menu_typo_font_weight":"","ocean_menu_typo_font_weight_tablet":"","ocean_menu_typo_font_weight_mobile":"","ocean_menu_typo_transform":"","ocean_menu_typo_transform_tablet":"","ocean_menu_typo_transform_mobile":"","ocean_menu_typo_line_height":0,"ocean_menu_typo_line_height_tablet":0,"ocean_menu_typo_line_height_mobile":0,"ocean_menu_typo_line_height_unit":"","ocean_menu_typo_spacing":0,"ocean_menu_typo_spacing_tablet":0,"ocean_menu_typo_spacing_mobile":0,"ocean_menu_typo_spacing_unit":"","ocean_menu_link_color":"","ocean_menu_link_color_hover":"","ocean_menu_link_color_active":"","ocean_menu_link_background":"","ocean_menu_link_hover_background":"","ocean_menu_link_active_background":"","ocean_menu_social_links_bg":"","ocean_menu_social_hover_links_bg":"","ocean_menu_social_links_color":"","ocean_menu_social_hover_links_color":"","ocean_disable_title":"default","ocean_disable_heading":"default","ocean_post_title":"","ocean_post_subheading":"","ocean_post_title_style":"","ocean_post_title_background_color":"","ocean_post_title_background":0,"ocean_post_title_bg_image_position":"","ocean_post_title_bg_image_attachment":"","ocean_post_title_bg_image_repeat":"","ocean_post_title_bg_image_size":"","ocean_post_title_height":0,"ocean_post_title_bg_overlay":0.5,"ocean_post_title_bg_overlay_color":"","ocean_disable_breadcrumbs":"default","ocean_breadcrumbs_color":"","ocean_breadcrumbs_separator_color":"","ocean_breadcrumbs_links_color":"","ocean_breadcrumbs_links_hover_color":"","ocean_display_footer_widgets":"default","ocean_display_footer_bottom":"default","ocean_custom_footer_template":"0","footnotes":""},"class_list":["post-4175","page","type-page","status-publish","hentry","entry"],"_links":{"self":[{"href":"https:\/\/www.raisionlukio.fi\/index.php?rest_route=\/wp\/v2\/pages\/4175","targetHints":{"allow":["GET"]}}],"collection":[{"href":"https:\/\/www.raisionlukio.fi\/index.php?rest_route=\/wp\/v2\/pages"}],"about":[{"href":"https:\/\/www.raisionlukio.fi\/index.php?rest_route=\/wp\/v2\/types\/page"}],"author":[{"embeddable":true,"href":"https:\/\/www.raisionlukio.fi\/index.php?rest_route=\/wp\/v2\/users\/1"}],"replies":[{"embeddable":true,"href":"https:\/\/www.raisionlukio.fi\/index.php?rest_route=%2Fwp%2Fv2%2Fcomments&post=4175"}],"version-history":[{"count":15,"href":"https:\/\/www.raisionlukio.fi\/index.php?rest_route=\/wp\/v2\/pages\/4175\/revisions"}],"predecessor-version":[{"id":4873,"href":"https:\/\/www.raisionlukio.fi\/index.php?rest_route=\/wp\/v2\/pages\/4175\/revisions\/4873"}],"wp:attachment":[{"href":"https:\/\/www.raisionlukio.fi\/index.php?rest_route=%2Fwp%2Fv2%2Fmedia&parent=4175"}],"curies":[{"name":"wp","href":"https:\/\/api.w.org\/{rel}","templated":true}]}}