{"id":3040,"date":"2020-06-03T19:23:27","date_gmt":"2020-06-03T16:23:27","guid":{"rendered":"http:\/\/10.3.14.4\/?page_id=3040"},"modified":"2020-06-03T19:25:45","modified_gmt":"2020-06-03T16:25:45","slug":"opiskelijatarinoita","status":"publish","type":"page","link":"https:\/\/www.raisionlukio.fi\/?page_id=3040","title":{"rendered":"OPISKELIJATARINOITA"},"content":{"rendered":"\t\t<div data-elementor-type=\"wp-page\" data-elementor-id=\"3040\" class=\"elementor elementor-3040\">\n\t\t\t\t\t\t<section class=\"elementor-section elementor-top-section elementor-element elementor-element-f8e5e80 elementor-section-boxed elementor-section-height-default elementor-section-height-default\" data-id=\"f8e5e80\" data-element_type=\"section\" data-e-type=\"section\">\n\t\t\t\t\t\t<div class=\"elementor-container elementor-column-gap-default\">\n\t\t\t\t\t<div class=\"elementor-column elementor-col-100 elementor-top-column elementor-element elementor-element-dd8e07f\" data-id=\"dd8e07f\" data-element_type=\"column\" data-e-type=\"column\">\n\t\t\t<div class=\"elementor-widget-wrap elementor-element-populated\">\n\t\t\t\t\t\t<div class=\"elementor-element elementor-element-b93d273 elementor-widget elementor-widget-text-editor\" data-id=\"b93d273\" data-element_type=\"widget\" data-e-type=\"widget\" data-widget_type=\"text-editor.default\">\n\t\t\t\t<div class=\"elementor-widget-container\">\n\t\t\t\t\t\t\t\t\t<h3>T\u00e4htivieraana Harry \u201cHjallis\u201d Harkimo<\/h3><p>Tammikuun 30. p\u00e4iv\u00e4 Raision lukion t\u00e4htivieraana esiintyi poliitikko ja liikemies Hjallis Harkimo. Tapahtuma oli lukiomme yritt\u00e4jyyslinjan opiskelijoiden j\u00e4rjest\u00e4m\u00e4. Tapahtumaa is\u00e4nn\u00f6iv\u00e4t yritt\u00e4jyyslinjan toisen vuoden opiskelijat Valma Mannevuo ja Joona Kuivalainen. Harkimo aloitti puheenvuoronsa kertomalla aloittaneensa yritt\u00e4jyyden jo varhain nuoruudessaan. H\u00e4n kertoi omista kouluun liittyvist\u00e4 vaikeuksistaan muun muassa lukih\u00e4iri\u00f6n takia. Hjallis kuitenkin valmistui ylioppilaaksi ja p\u00e4\u00e4si kolmannella yritt\u00e4m\u00e4ll\u00e4 opiskelemaan kauppakorkeakouluun. H\u00e4n haaveili ekonomin tutkinnosta ja markkinointijohtajan t\u00f6ist\u00e4 ja kertoi perustaneensa matonpesuyrityksen korkeakoulun j\u00e4lkeen. Myyminen tosin oli silloin viel\u00e4 ujoa ja hankalaa. Lopulta h\u00e4n l\u00e4hti Moskovaan ja myi matonpesupalveluita, koska markkinat olivat aivan toisenlaiset ja palvelusta pystyi saamaan kymmenkertaisia voittoja. Moskovan markkinat olivat n\u00e4et l\u00e4hes vailla kilpailijoita. T\u00e4st\u00e4 tulleilla varoilla h\u00e4n rahoitti opintonsa.<\/p><p>Seuraavaksi t\u00e4htivieraamme ilmoitti p\u00e4\u00e4sseens\u00e4 varamieheksi purjehdukselle kaverinsa suosittelemana. H\u00e4n ei kuitenkaan tyytynyt t\u00e4h\u00e4n ja lopulta p\u00e4\u00e4sikin miehist\u00f6n j\u00e4sene\u00e4 purjehtimaan maailman ymp\u00e4ri. Purjehduksen j\u00e4lkeen h\u00e4n p\u00e4\u00e4tti, ett\u00e4 viel\u00e4 jonain p\u00e4iv\u00e4n\u00e4 purjehtii yksin maailman ymp\u00e4ri. H\u00e4n laski, ett\u00e4 purjehdukseen tarvitsisi noin 4,5 miljoonaa euroa. H\u00e4n kertoi hankkeen lopulta onnistuneen kovan ty\u00f6n tuloksena. Harkimo kertoi oppineensa yksinpurjehduksesta paljon, esimerkiksi julkisuudesta ja yritysmaailmasta sek\u00e4 sijoittajien etsimisest\u00e4. Harkimon oma yritys toteutti kokonaan purjehduksen markkinoinnin. H\u00e4n kertoi my\u00f6s kirjoittaneensa kirjan yksinpurjehduksesta. Ensimm\u00e4isest\u00e4 purjehduksesta seurasi lis\u00e4\u00e4 uusia purjehduksia ammattipurjehtijana. H\u00e4n oppi johtamaan joukkoja ja olemaan periksiantamaton. Harkimo tienasi ensimm\u00e4isen miljoonansa myym\u00e4ll\u00e4 purjehdusaluksensa ja p\u00e4\u00e4tti sijoittaa myynnist\u00e4 saamansa rahat. Virallisesti Harkimo toimi 10 vuotta ammattipurjehtijana ja perusti omia yrityksi\u00e4 jokaiselle purjehdukselleen tuottaakseen niill\u00e4 elantonsa.<\/p><p>Seuraavaksi Harkimo alkoi panostaa urheilumarkkinointiin. H\u00e4nelle tarjottiin melkein konkurssikyps\u00e4n Jokerien johtajuutta. Lopulta Harkimo omisti Jokerit yhteens\u00e4 27 vuotta, mutta p\u00e4\u00e4tti luopua p\u00e4\u00e4omistajuudestaan viime kes\u00e4n\u00e4. Ostettuaan Jokerit Hjallikselta kysyttiin kerran, miksei h\u00e4n omistanut omaa hallia. T\u00e4m\u00e4n innoittamana h\u00e4n tutustui USA:ssa halliyhti\u00f6ihin ja niiden rahoitukseen, joten h\u00e4n p\u00e4\u00e4tti myyd\u00e4 ulkomaiseen tyyliin idean Suomessa halliyhti\u00f6n perustamiseksi. H\u00e4n tarvitsi rahoitusta valtavan m\u00e4\u00e4r\u00e4n, koska halliyhti\u00f6n perustaminen oli kallista. H\u00e4n kertoikin, ett\u00e4 paras oppi aitioiden myymisess\u00e4 oli usko itseens\u00e4. Jos yritt\u00e4j\u00e4 uskoo itseens\u00e4 ja tuotteeseensa, muutkin uskovat. H\u00e4n kertoi olleensa Suomessa ensimm\u00e4inen, joka myi yritykselle hallin nimen. Yritt\u00e4miseen kuuluvat my\u00f6s ep\u00e4onnistumiset ja tappiot. Jalkapallobisnest\u00e4 h\u00e4n ei saanut kannattavaksi ja lopetti sen tehottomana.<\/p><p>Harkimo on ollut monessa muussakin mukana. Talk show -is\u00e4nt\u00e4n\u00e4 MTV:ll\u00e4 h\u00e4n oli nelj\u00e4 vuotta ja sai my\u00f6s Venla-patsaan. Anna-rahannostoautomaattifirma ei saanut tuulta purjeisiin. Golfkentt\u00e4yhti\u00f6k\u00e4\u00e4n ei ollut menestys. Yritt\u00e4j\u00e4n\u00e4 aina ei voi voittaa, mutta jos yritt\u00e4\u00e4 tehd\u00e4 kaiken t\u00e4ysill\u00e4, se jossain vaiheessa palkitsee.<\/p><p>Harkimo kertoi p\u00e4\u00e4tt\u00e4neens\u00e4 er\u00e4\u00e4n\u00e4 p\u00e4iv\u00e4n\u00e4 aloittaa tubettamisen. H\u00e4nen omat lapsensa eiv\u00e4t tarinan mukaan uskoneet h\u00e4neen, mutta h\u00e4n uskoi onnistuvansa, jos yritt\u00e4\u00e4 t\u00e4ysill\u00e4. Tubettajana h\u00e4n sai oman \u00e4\u00e4nens\u00e4 kuuluviin kenenk\u00e4\u00e4n v\u00e4\u00e4ristelem\u00e4tt\u00e4. Harkimon videoita on katsottu yhteens\u00e4 noin 10 miljoonaa kertaa YouTubessa, ja h\u00e4n olikin viime Tubecon-tapahtumassa puhumassa &#8220;tubettajana&#8221;. T\u00e4m\u00e4 oli my\u00f6s hyv\u00e4 tapa v\u00e4litt\u00e4\u00e4 omaa poliittista agendaa, sill\u00e4 \u00e4\u00e4nest\u00e4j\u00e4t ovat nyky\u00e4\u00e4n yh\u00e4 enemm\u00e4n somessa. H\u00e4n kertoi my\u00f6s oman poliittisen liikkeens\u00e4 Liike Nytin perustamisesta, sill\u00e4 h\u00e4n koki, ett\u00e4 yksitt\u00e4inen poliitikko ei saanut kokoomuksen kaltaisessa puolueessa \u00e4\u00e4nt\u00e4\u00e4n kuuluviin.<\/p><p>Kokonaisuudessaan t\u00e4htivieraamme puhe oli mutkaton ja humoristinen. H\u00e4n neuvoi tekem\u00e4\u00e4n t\u00f6it\u00e4 t\u00e4ysill\u00e4 ja olemaan periksiantamaton. T\u00e4ytyy vain toteuttaa unelmiaan ja tehd\u00e4 t\u00e4ysill\u00e4. Harkimo kertoi viel\u00e4, ett\u00e4 h\u00e4n ei vaihtaisi p\u00e4iv\u00e4\u00e4k\u00e4\u00e4n yritt\u00e4j\u00e4n\u00e4 pois, sill\u00e4 on oppinut niin paljon. H\u00e4n neuvoi nuoria pit\u00e4m\u00e4\u00e4n terveydest\u00e4 huolta, sill\u00e4 itse h\u00e4n tajusi sen t\u00e4rkeyden vasta saadessaan Etel\u00e4-Afrikassa safarilla syd\u00e4nkohtauksen.<\/p><p>Lopuksi yleis\u00f6 esitti kysymyksi\u00e4 yritt\u00e4jyyteen, politiikkaan ja el\u00e4m\u00e4\u00e4n liittyen. Kysymysten yhteydess\u00e4 Hjallis kertoi, ett\u00e4 perhe-el\u00e4m\u00e4n ja yritt\u00e4jyyden tasapainottaminen on ollut v\u00e4lill\u00e4 vaikeaa. Yritt\u00e4j\u00e4n kontaktien luomisessa ja ty\u00f6llistymisess\u00e4 t\u00e4htivieraamme neuvoi olemaan sitke\u00e4 ja oma itsens\u00e4. Rahojen s\u00e4\u00e4st\u00e4miseen Harkimo antoi vinkiksi osakes\u00e4\u00e4st\u00f6tilin, jonka kautta voi tutustua sijoittamiseen. Sijoittamisesta voi oppia oman talouden hallintaa ja ymm\u00e4rryst\u00e4 yritysmaailmaan.<\/p><p><br \/>Aleksi Suro 18D<br \/>KUVIA RALUN INSTASSA 30.1.<\/p>\t\t\t\t\t\t\t\t<\/div>\n\t\t\t\t<\/div>\n\t\t\t\t\t<\/div>\n\t\t<\/div>\n\t\t\t\t\t<\/div>\n\t\t<\/section>\n\t\t\t\t<section class=\"elementor-section elementor-top-section elementor-element elementor-element-91ede9e elementor-section-boxed elementor-section-height-default elementor-section-height-default\" data-id=\"91ede9e\" data-element_type=\"section\" data-e-type=\"section\">\n\t\t\t\t\t\t<div class=\"elementor-container elementor-column-gap-default\">\n\t\t\t\t\t<div class=\"elementor-column elementor-col-100 elementor-top-column elementor-element elementor-element-b4cee13\" data-id=\"b4cee13\" data-element_type=\"column\" data-e-type=\"column\">\n\t\t\t<div class=\"elementor-widget-wrap elementor-element-populated\">\n\t\t\t\t\t\t<div class=\"elementor-element elementor-element-bb061d3 elementor-widget-divider--view-line elementor-widget elementor-widget-divider\" data-id=\"bb061d3\" data-element_type=\"widget\" data-e-type=\"widget\" data-widget_type=\"divider.default\">\n\t\t\t\t<div class=\"elementor-widget-container\">\n\t\t\t\t\t\t\t<div class=\"elementor-divider\">\n\t\t\t<span class=\"elementor-divider-separator\">\n\t\t\t\t\t\t<\/span>\n\t\t<\/div>\n\t\t\t\t\t\t<\/div>\n\t\t\t\t<\/div>\n\t\t\t\t\t<\/div>\n\t\t<\/div>\n\t\t\t\t\t<\/div>\n\t\t<\/section>\n\t\t\t\t<section class=\"elementor-section elementor-top-section elementor-element elementor-element-980df72 elementor-section-boxed elementor-section-height-default elementor-section-height-default\" data-id=\"980df72\" data-element_type=\"section\" data-e-type=\"section\">\n\t\t\t\t\t\t<div class=\"elementor-container elementor-column-gap-default\">\n\t\t\t\t\t<div class=\"elementor-column elementor-col-100 elementor-top-column elementor-element elementor-element-57a0e2e\" data-id=\"57a0e2e\" data-element_type=\"column\" data-e-type=\"column\">\n\t\t\t<div class=\"elementor-widget-wrap elementor-element-populated\">\n\t\t\t\t\t\t<div class=\"elementor-element elementor-element-8e48fa8 elementor-widget elementor-widget-text-editor\" data-id=\"8e48fa8\" data-element_type=\"widget\" data-e-type=\"widget\" data-widget_type=\"text-editor.default\">\n\t\t\t\t<div class=\"elementor-widget-container\">\n\t\t\t\t\t\t\t\t\t<h3>Yrityskyl\u00e4ss\u00e4<\/h3><p>Olimme Yh6-ryhm\u00e4n kanssa yrityskyl\u00e4ss\u00e4 torstaina 12.12.2019. Yrityskyl\u00e4 on paikka, jossa tarjotaan kuudes- ja yhdeks\u00e4sluokkalaisille mahdollisuus tutustua<br \/>ty\u00f6el\u00e4m\u00e4\u00e4n, talouteen ja yhteiskuntaan. TAT j\u00e4rjest\u00e4\u00e4 yrityskyl\u00e4n yhteiskuntaopin opetuskokonaisuutena. Yrityskyl\u00e4 on palkittu maailman parhaana koulutusinnovaationa, ja se tavoittaa monia kymmeni\u00e4 tuhansia oppilaita vuodessa.<\/p><p>Ennen yrityskyl\u00e4n ohjausta meille j\u00e4rjestettiin ohjaajakoulutus, jossa meid\u00e4t perehdytettiin ohjaajan ty\u00f6h\u00f6n. Koulutus kesti 1,5 tuntia, ja sen aikana saimme tutustua yrityksiin ja kiert\u00e4\u00e4 eri yrityksiss\u00e4. Lis\u00e4ksi koulutuksessa meille kerrottiin, mink\u00e4lainen on hyv\u00e4 ohjaaja, millaisista asioista p\u00e4iv\u00e4 koostuu ja mit\u00e4 eri asioita pit\u00e4\u00e4 huomioida yrityksiss\u00e4 sek\u00e4 kuudesluokkalaisten kanssa ty\u00f6skennelless\u00e4.<\/p><p>Yrityskyl\u00e4p\u00e4iv\u00e4n\u00e4 p\u00e4\u00e4simme tutustumaan yrityksiin tarkemmin, ja jokainen sai oman yrityksen tai yrityksi\u00e4, joissa ty\u00f6skenteli p\u00e4iv\u00e4n aikana. Yrityskyl\u00e4ss\u00e4 on monia yrityksi\u00e4 eri aloilta, esim. K-supermarket, OP- pankki, Terveystalo, Meyer.<\/p><p>Ohjaajan teht\u00e4viin kuului ohjata ja auttaa kuudesluokkalaisia erilaisissa yritt\u00e4jyyteen liittyviss\u00e4 asioissa, kuten laskujen l\u00e4hett\u00e4misess\u00e4 ja maksamisessa. T\u00e4m\u00e4n ohjaamisen lis\u00e4ksi saimme paljon kokemusta eri yrityksist\u00e4, yritt\u00e4jyyden haasteista sek\u00e4 siit\u00e4, millaisia ty\u00f6p\u00e4iv\u00e4t voivat olla eri ammateissa. Ohjaajana toimiminen vaati oma-aloitteisuutta, reippautta, k\u00e4rsiv\u00e4llisyytt\u00e4 sek\u00e4 kokonaisuuksien hallintaa.<\/p><p>Yrityskyl\u00e4ss\u00e4 meid\u00e4n kanssamme oli Luolavuoren ja Kotim\u00e4en koulu. Yrityskyl\u00e4ss\u00e4 oli p\u00e4iv\u00e4n aikana n. 80 henkil\u00f6\u00e4. Yrityskyl\u00e4p\u00e4iv\u00e4 oli niin oppilaiden, opettajien kuin ohjaajienkin mielest\u00e4 todella onnistunut ja opettavainen p\u00e4iv\u00e4. Kiitos Turun yrityskyl\u00e4lle sek\u00e4 Luolavuoren ja Kotim\u00e4en koululle yhteisest\u00e4 opettavaisesta p\u00e4iv\u00e4st\u00e4.<\/p><p>Ermina Hodzic, 19D<\/p>\t\t\t\t\t\t\t\t<\/div>\n\t\t\t\t<\/div>\n\t\t\t\t\t<\/div>\n\t\t<\/div>\n\t\t\t\t\t<\/div>\n\t\t<\/section>\n\t\t\t\t<\/div>\n\t\t","protected":false},"excerpt":{"rendered":"<p>T\u00e4htivieraana Harry \u201cHjallis\u201d Harkimo Tammikuun 30. p\u00e4iv\u00e4 Raision lukion t\u00e4htivieraana esiintyi poliitikko ja liikemies Hjallis Harkimo. Tapahtuma oli lukiomme yritt\u00e4jyyslinjan opiskelijoiden j\u00e4rjest\u00e4m\u00e4. Tapahtumaa is\u00e4nn\u00f6iv\u00e4t yritt\u00e4jyyslinjan toisen vuoden opiskelijat Valma Mannevuo ja Joona Kuivalainen. Harkimo aloitti puheenvuoronsa kertomalla aloittaneensa yritt\u00e4jyyden jo varhain nuoruudessaan. H\u00e4n kertoi omista kouluun liittyvist\u00e4 vaikeuksistaan muun muassa lukih\u00e4iri\u00f6n takia. Hjallis kuitenkin valmistui [&hellip;]<\/p>\n","protected":false},"author":1,"featured_media":0,"parent":2460,"menu_order":0,"comment_status":"closed","ping_status":"closed","template":"","meta":{"ocean_post_layout":"","ocean_both_sidebars_style":"","ocean_both_sidebars_content_width":0,"ocean_both_sidebars_sidebars_width":0,"ocean_sidebar":"0","ocean_second_sidebar":"0","ocean_disable_margins":"enable","ocean_add_body_class":"","ocean_shortcode_before_top_bar":"","ocean_shortcode_after_top_bar":"","ocean_shortcode_before_header":"","ocean_shortcode_after_header":"","ocean_has_shortcode":"","ocean_shortcode_after_title":"","ocean_shortcode_before_footer_widgets":"","ocean_shortcode_after_footer_widgets":"","ocean_shortcode_before_footer_bottom":"","ocean_shortcode_after_footer_bottom":"","ocean_display_top_bar":"default","ocean_display_header":"default","ocean_header_style":"","ocean_center_header_left_menu":"0","ocean_custom_header_template":"0","ocean_custom_logo":0,"ocean_custom_retina_logo":0,"ocean_custom_logo_max_width":0,"ocean_custom_logo_tablet_max_width":0,"ocean_custom_logo_mobile_max_width":0,"ocean_custom_logo_max_height":0,"ocean_custom_logo_tablet_max_height":0,"ocean_custom_logo_mobile_max_height":0,"ocean_header_custom_menu":"0","ocean_menu_typo_font_family":"0","ocean_menu_typo_font_subset":"","ocean_menu_typo_font_size":0,"ocean_menu_typo_font_size_tablet":0,"ocean_menu_typo_font_size_mobile":0,"ocean_menu_typo_font_size_unit":"px","ocean_menu_typo_font_weight":"","ocean_menu_typo_font_weight_tablet":"","ocean_menu_typo_font_weight_mobile":"","ocean_menu_typo_transform":"","ocean_menu_typo_transform_tablet":"","ocean_menu_typo_transform_mobile":"","ocean_menu_typo_line_height":0,"ocean_menu_typo_line_height_tablet":0,"ocean_menu_typo_line_height_mobile":0,"ocean_menu_typo_line_height_unit":"","ocean_menu_typo_spacing":0,"ocean_menu_typo_spacing_tablet":0,"ocean_menu_typo_spacing_mobile":0,"ocean_menu_typo_spacing_unit":"","ocean_menu_link_color":"","ocean_menu_link_color_hover":"","ocean_menu_link_color_active":"","ocean_menu_link_background":"","ocean_menu_link_hover_background":"","ocean_menu_link_active_background":"","ocean_menu_social_links_bg":"","ocean_menu_social_hover_links_bg":"","ocean_menu_social_links_color":"","ocean_menu_social_hover_links_color":"","ocean_disable_title":"default","ocean_disable_heading":"default","ocean_post_title":"","ocean_post_subheading":"","ocean_post_title_style":"","ocean_post_title_background_color":"","ocean_post_title_background":0,"ocean_post_title_bg_image_position":"","ocean_post_title_bg_image_attachment":"","ocean_post_title_bg_image_repeat":"","ocean_post_title_bg_image_size":"","ocean_post_title_height":0,"ocean_post_title_bg_overlay":0.5,"ocean_post_title_bg_overlay_color":"","ocean_disable_breadcrumbs":"default","ocean_breadcrumbs_color":"","ocean_breadcrumbs_separator_color":"","ocean_breadcrumbs_links_color":"","ocean_breadcrumbs_links_hover_color":"","ocean_display_footer_widgets":"default","ocean_display_footer_bottom":"default","ocean_custom_footer_template":"0","footnotes":""},"class_list":["post-3040","page","type-page","status-publish","hentry","entry"],"_links":{"self":[{"href":"https:\/\/www.raisionlukio.fi\/index.php?rest_route=\/wp\/v2\/pages\/3040","targetHints":{"allow":["GET"]}}],"collection":[{"href":"https:\/\/www.raisionlukio.fi\/index.php?rest_route=\/wp\/v2\/pages"}],"about":[{"href":"https:\/\/www.raisionlukio.fi\/index.php?rest_route=\/wp\/v2\/types\/page"}],"author":[{"embeddable":true,"href":"https:\/\/www.raisionlukio.fi\/index.php?rest_route=\/wp\/v2\/users\/1"}],"replies":[{"embeddable":true,"href":"https:\/\/www.raisionlukio.fi\/index.php?rest_route=%2Fwp%2Fv2%2Fcomments&post=3040"}],"version-history":[{"count":2,"href":"https:\/\/www.raisionlukio.fi\/index.php?rest_route=\/wp\/v2\/pages\/3040\/revisions"}],"predecessor-version":[{"id":3042,"href":"https:\/\/www.raisionlukio.fi\/index.php?rest_route=\/wp\/v2\/pages\/3040\/revisions\/3042"}],"up":[{"embeddable":true,"href":"https:\/\/www.raisionlukio.fi\/index.php?rest_route=\/wp\/v2\/pages\/2460"}],"wp:attachment":[{"href":"https:\/\/www.raisionlukio.fi\/index.php?rest_route=%2Fwp%2Fv2%2Fmedia&parent=3040"}],"curies":[{"name":"wp","href":"https:\/\/api.w.org\/{rel}","templated":true}]}}