{"id":2485,"date":"2020-05-22T19:02:17","date_gmt":"2020-05-22T16:02:17","guid":{"rendered":"http:\/\/10.3.14.4\/?page_id=2485"},"modified":"2026-03-03T12:02:55","modified_gmt":"2026-03-03T10:02:55","slug":"opettajat","status":"publish","type":"page","link":"https:\/\/www.raisionlukio.fi\/?page_id=2485","title":{"rendered":"OPETTAJAT"},"content":{"rendered":"\t\t<div data-elementor-type=\"wp-page\" data-elementor-id=\"2485\" class=\"elementor elementor-2485\">\n\t\t\t\t\t\t<section class=\"elementor-section elementor-top-section elementor-element elementor-element-2d3a138 elementor-section-boxed elementor-section-height-default elementor-section-height-default\" data-id=\"2d3a138\" data-element_type=\"section\" data-e-type=\"section\">\n\t\t\t\t\t\t<div class=\"elementor-container elementor-column-gap-default\">\n\t\t\t\t\t<div class=\"elementor-column elementor-col-33 elementor-top-column elementor-element elementor-element-3b21e3c\" data-id=\"3b21e3c\" data-element_type=\"column\" data-e-type=\"column\">\n\t\t\t<div class=\"elementor-widget-wrap elementor-element-populated\">\n\t\t\t\t\t\t<div class=\"elementor-element elementor-element-66a29ed elementor-widget elementor-widget-image\" data-id=\"66a29ed\" data-element_type=\"widget\" data-e-type=\"widget\" data-widget_type=\"image.default\">\n\t\t\t\t<div class=\"elementor-widget-container\">\n\t\t\t\t\t\t\t\t\t\t\t\t\t\t\t<img decoding=\"async\" width=\"150\" height=\"150\" src=\"https:\/\/www.raisionlukio.fi\/wp-content\/uploads\/2020\/07\/opettajat.jpg\" class=\"attachment-large size-large wp-image-3122\" alt=\"\" \/>\t\t\t\t\t\t\t\t\t\t\t\t\t\t\t<\/div>\n\t\t\t\t<\/div>\n\t\t\t\t\t<\/div>\n\t\t<\/div>\n\t\t\t\t<div class=\"elementor-column elementor-col-66 elementor-top-column elementor-element elementor-element-f262094\" data-id=\"f262094\" data-element_type=\"column\" data-e-type=\"column\">\n\t\t\t<div class=\"elementor-widget-wrap elementor-element-populated\">\n\t\t\t\t\t\t<div class=\"elementor-element elementor-element-a93b4d7 elementor-widget elementor-widget-text-editor\" data-id=\"a93b4d7\" data-element_type=\"widget\" data-e-type=\"widget\" data-widget_type=\"text-editor.default\">\n\t\t\t\t<div class=\"elementor-widget-container\">\n\t\t\t\t\t\t\t\t\t<p>Parhaiten opettajat tavoittaa <strong><a href=\"https:\/\/raisio.inschool.fi\/\">Wilman<\/a><\/strong> kautta.<\/p><p>Opettajien s\u00e4hk\u00f6postiosoitteet ovat kaikilla etunimi.sukunimi@raisio.fi.<\/p>\t\t\t\t\t\t\t\t<\/div>\n\t\t\t\t<\/div>\n\t\t\t\t\t<\/div>\n\t\t<\/div>\n\t\t\t\t\t<\/div>\n\t\t<\/section>\n\t\t\t\t<section class=\"elementor-section elementor-top-section elementor-element elementor-element-be0c41d elementor-section-boxed elementor-section-height-default elementor-section-height-default\" data-id=\"be0c41d\" data-element_type=\"section\" data-e-type=\"section\">\n\t\t\t\t\t\t<div class=\"elementor-container elementor-column-gap-default\">\n\t\t\t\t\t<div class=\"elementor-column elementor-col-33 elementor-top-column elementor-element elementor-element-ce1691c\" data-id=\"ce1691c\" data-element_type=\"column\" data-e-type=\"column\">\n\t\t\t<div class=\"elementor-widget-wrap elementor-element-populated\">\n\t\t\t\t\t\t<div class=\"elementor-element elementor-element-1460aa6 elementor-widget elementor-widget-text-editor\" data-id=\"1460aa6\" data-element_type=\"widget\" data-e-type=\"widget\" data-widget_type=\"text-editor.default\">\n\t\t\t\t<div class=\"elementor-widget-container\">\n\t\t\t\t\t\t\t\t\t<p>Aaltonen Pauliina PAA, \u00e4i, S2, 24A<br \/>Backman-Kaira Netta NBA, hi, yh, ue, 24E<br \/>Gyl\u00e9n Eeva-Riitta ERG, bi, ge, te, 24D<br \/>Hopeanaula Antti AHO, ma, 23E<br \/>Hy\u00f6vel\u00e4 Jaana JHY, ra, sa, eo, 22X<br \/>Kaatrasalo Annukka AKAA, bi, ge, te<br \/>Kajala Kirsi KKA, en, ru, 23B<br \/>Kaskinoro Tiiu TKAS, ma, ke, 24C<br \/><span style=\"font-family: Roboto, sans-serif; font-size: 14px; font-style: normal; font-variant-ligatures: normal; font-variant-caps: normal; font-weight: 400;\">Koivu Elina EKO, es<\/span><br \/>Kuparinen Kati KKU, ve<br \/>Kuokkanen Annika, erityisopettaja<br \/><span style=\"font-family: Roboto, sans-serif; font-size: 14px; font-style: normal; font-variant-ligatures: normal; font-variant-caps: normal; font-weight: 400;\">Lindberg Riikka RLI, ru, 23D<\/span><\/p>\t\t\t\t\t\t\t\t<\/div>\n\t\t\t\t<\/div>\n\t\t\t\t\t<\/div>\n\t\t<\/div>\n\t\t\t\t<div class=\"elementor-column elementor-col-33 elementor-top-column elementor-element elementor-element-291cecb\" data-id=\"291cecb\" data-element_type=\"column\" data-e-type=\"column\">\n\t\t\t<div class=\"elementor-widget-wrap elementor-element-populated\">\n\t\t\t\t\t\t<div class=\"elementor-element elementor-element-0004dc3 elementor-widget elementor-widget-text-editor\" data-id=\"0004dc3\" data-element_type=\"widget\" data-e-type=\"widget\" data-widget_type=\"text-editor.default\">\n\t\t\t\t<div class=\"elementor-widget-container\">\n\t\t\t\t\t\t\t\t\t<p>Linnainmaa Liisa LLIN, \u00e4i, 23C<br \/>Lipsanen Lisbeth LLIP, en, ru, 25D<br \/><span style=\"font-size: 14px; color: var( --e-global-color-text );\">L\u00f6nnroth Janina JL\u00d6, hi, yh, te, 25C<br \/><\/span><span style=\"font-size: 14px; color: var( --e-global-color-text );\">M\u00e4ki Teemu TM\u00c4, li<br \/><\/span><span style=\"font-size: 14px; color: var( --e-global-color-text );\">M\u00e4kinen Eeva EM\u00c4K, opinto-ohjaaja<br \/><\/span><span style=\"color: var( --e-global-color-text ); font-size: 14px;\">M\u00e4\u00e4tt\u00e4nen Anssi AM\u00c4\u00c4, bg, ge, te , 25A<br \/><\/span><span style=\"color: var( --e-global-color-text ); font-size: 14px;\">Nikkanen Irina INI, ue, fi, et<br \/><\/span><span style=\"color: var( --e-global-color-text ); font-size: 14px;\">Nummenmaa Minna MNU, apulaisrehtori, ps<br \/><\/span><span style=\"color: var( --e-global-color-text ); font-size: 14px;\">Nyfors Risto RNY, en, ru<br \/><\/span><span style=\"font-family: Roboto, sans-serif; font-size: 14px; font-style: normal; font-variant-ligatures: normal; font-variant-caps: normal; font-weight: 400;\">Pietil\u00e4 Kristiina KPI, mu<br \/>Putkuri Tuula TPU, opinto-ohjaaja (virkavapaalla)<br \/><\/span><\/p>\t\t\t\t\t\t\t\t<\/div>\n\t\t\t\t<\/div>\n\t\t\t\t\t<\/div>\n\t\t<\/div>\n\t\t\t\t<div class=\"elementor-column elementor-col-33 elementor-top-column elementor-element elementor-element-0aa181d\" data-id=\"0aa181d\" data-element_type=\"column\" data-e-type=\"column\">\n\t\t\t<div class=\"elementor-widget-wrap elementor-element-populated\">\n\t\t\t\t\t\t<div class=\"elementor-element elementor-element-fd5dd1d elementor-widget elementor-widget-text-editor\" data-id=\"fd5dd1d\" data-element_type=\"widget\" data-e-type=\"widget\" data-widget_type=\"text-editor.default\">\n\t\t\t\t<div class=\"elementor-widget-container\">\n\t\t\t\t\t\t\t\t\t<p>P\u00f6ntinen Ville VP\u00d6, ma, at, 23A<br>Rauhala Lotta LRA, hi, yh, 25E&nbsp;<br>Saastamoinen Suvi, SSA, li<br>Santam\u00e4ki Anne ASAN, ru, 25B<br>Sipil\u00e4 Sakari SSI, ku<br><span style=\"font-size: 14px; color: var( --e-global-color-text );\">Turunen Noora NTU, \u00e4i, S2, 24B<br><\/span><span style=\"font-size: 14px; color: var( --e-global-color-text );\">Urpanen Miika MUR, fy, ma, kaksoistutkinto<br><\/span><span style=\"font-size: 14px; color: var( --e-global-color-text );\">Vainio Anna-Kaisa AKV, ke, ma<br>Vairinen-Salmela Johanna JVS, ai, ps<br>V\u00e4in\u00e4m\u00f6 Veera VV\u00c4, opinto-ohjaaja vs.<\/span><\/p>\t\t\t\t\t\t\t\t<\/div>\n\t\t\t\t<\/div>\n\t\t\t\t\t<\/div>\n\t\t<\/div>\n\t\t\t\t\t<\/div>\n\t\t<\/section>\n\t\t\t\t<\/div>\n\t\t","protected":false},"excerpt":{"rendered":"<p>Parhaiten opettajat tavoittaa Wilman kautta. Opettajien s\u00e4hk\u00f6postiosoitteet ovat kaikilla etunimi.sukunimi@raisio.fi. Aaltonen Pauliina PAA, \u00e4i, S2, 24ABackman-Kaira Netta NBA, hi, yh, ue, 24EGyl\u00e9n Eeva-Riitta ERG, bi, ge, te, 24DHopeanaula Antti AHO, ma, 23EHy\u00f6vel\u00e4 Jaana JHY, ra, sa, eo, 22XKaatrasalo Annukka AKAA, bi, ge, teKajala Kirsi KKA, en, ru, 23BKaskinoro Tiiu TKAS, ma, ke, 24CKoivu Elina EKO, [&hellip;]<\/p>\n","protected":false},"author":1,"featured_media":0,"parent":2481,"menu_order":0,"comment_status":"closed","ping_status":"closed","template":"","meta":{"ocean_post_layout":"","ocean_both_sidebars_style":"","ocean_both_sidebars_content_width":0,"ocean_both_sidebars_sidebars_width":0,"ocean_sidebar":"0","ocean_second_sidebar":"0","ocean_disable_margins":"enable","ocean_add_body_class":"","ocean_shortcode_before_top_bar":"","ocean_shortcode_after_top_bar":"","ocean_shortcode_before_header":"","ocean_shortcode_after_header":"","ocean_has_shortcode":"","ocean_shortcode_after_title":"","ocean_shortcode_before_footer_widgets":"","ocean_shortcode_after_footer_widgets":"","ocean_shortcode_before_footer_bottom":"","ocean_shortcode_after_footer_bottom":"","ocean_display_top_bar":"default","ocean_display_header":"default","ocean_header_style":"","ocean_center_header_left_menu":"0","ocean_custom_header_template":"0","ocean_custom_logo":0,"ocean_custom_retina_logo":0,"ocean_custom_logo_max_width":0,"ocean_custom_logo_tablet_max_width":0,"ocean_custom_logo_mobile_max_width":0,"ocean_custom_logo_max_height":0,"ocean_custom_logo_tablet_max_height":0,"ocean_custom_logo_mobile_max_height":0,"ocean_header_custom_menu":"0","ocean_menu_typo_font_family":"0","ocean_menu_typo_font_subset":"","ocean_menu_typo_font_size":0,"ocean_menu_typo_font_size_tablet":0,"ocean_menu_typo_font_size_mobile":0,"ocean_menu_typo_font_size_unit":"px","ocean_menu_typo_font_weight":"","ocean_menu_typo_font_weight_tablet":"","ocean_menu_typo_font_weight_mobile":"","ocean_menu_typo_transform":"","ocean_menu_typo_transform_tablet":"","ocean_menu_typo_transform_mobile":"","ocean_menu_typo_line_height":0,"ocean_menu_typo_line_height_tablet":0,"ocean_menu_typo_line_height_mobile":0,"ocean_menu_typo_line_height_unit":"","ocean_menu_typo_spacing":0,"ocean_menu_typo_spacing_tablet":0,"ocean_menu_typo_spacing_mobile":0,"ocean_menu_typo_spacing_unit":"","ocean_menu_link_color":"","ocean_menu_link_color_hover":"","ocean_menu_link_color_active":"","ocean_menu_link_background":"","ocean_menu_link_hover_background":"","ocean_menu_link_active_background":"","ocean_menu_social_links_bg":"","ocean_menu_social_hover_links_bg":"","ocean_menu_social_links_color":"","ocean_menu_social_hover_links_color":"","ocean_disable_title":"default","ocean_disable_heading":"default","ocean_post_title":"","ocean_post_subheading":"","ocean_post_title_style":"","ocean_post_title_background_color":"","ocean_post_title_background":0,"ocean_post_title_bg_image_position":"","ocean_post_title_bg_image_attachment":"","ocean_post_title_bg_image_repeat":"","ocean_post_title_bg_image_size":"","ocean_post_title_height":0,"ocean_post_title_bg_overlay":0.5,"ocean_post_title_bg_overlay_color":"","ocean_disable_breadcrumbs":"default","ocean_breadcrumbs_color":"","ocean_breadcrumbs_separator_color":"","ocean_breadcrumbs_links_color":"","ocean_breadcrumbs_links_hover_color":"","ocean_display_footer_widgets":"default","ocean_display_footer_bottom":"default","ocean_custom_footer_template":"0","footnotes":""},"class_list":["post-2485","page","type-page","status-publish","hentry","entry"],"_links":{"self":[{"href":"https:\/\/www.raisionlukio.fi\/index.php?rest_route=\/wp\/v2\/pages\/2485","targetHints":{"allow":["GET"]}}],"collection":[{"href":"https:\/\/www.raisionlukio.fi\/index.php?rest_route=\/wp\/v2\/pages"}],"about":[{"href":"https:\/\/www.raisionlukio.fi\/index.php?rest_route=\/wp\/v2\/types\/page"}],"author":[{"embeddable":true,"href":"https:\/\/www.raisionlukio.fi\/index.php?rest_route=\/wp\/v2\/users\/1"}],"replies":[{"embeddable":true,"href":"https:\/\/www.raisionlukio.fi\/index.php?rest_route=%2Fwp%2Fv2%2Fcomments&post=2485"}],"version-history":[{"count":20,"href":"https:\/\/www.raisionlukio.fi\/index.php?rest_route=\/wp\/v2\/pages\/2485\/revisions"}],"predecessor-version":[{"id":4948,"href":"https:\/\/www.raisionlukio.fi\/index.php?rest_route=\/wp\/v2\/pages\/2485\/revisions\/4948"}],"up":[{"embeddable":true,"href":"https:\/\/www.raisionlukio.fi\/index.php?rest_route=\/wp\/v2\/pages\/2481"}],"wp:attachment":[{"href":"https:\/\/www.raisionlukio.fi\/index.php?rest_route=%2Fwp%2Fv2%2Fmedia&parent=2485"}],"curies":[{"name":"wp","href":"https:\/\/api.w.org\/{rel}","templated":true}]}}