{"id":2472,"date":"2020-05-22T12:53:39","date_gmt":"2020-05-22T09:53:39","guid":{"rendered":"http:\/\/10.3.14.4\/?page_id=2472"},"modified":"2024-04-25T14:29:11","modified_gmt":"2024-04-25T11:29:11","slug":"hakeutuminen","status":"publish","type":"page","link":"https:\/\/www.raisionlukio.fi\/?page_id=2472","title":{"rendered":"HAKEUTUMINEN"},"content":{"rendered":"\t\t<div data-elementor-type=\"wp-page\" data-elementor-id=\"2472\" class=\"elementor elementor-2472\">\n\t\t\t\t\t\t<section class=\"elementor-section elementor-top-section elementor-element elementor-element-4869b2d elementor-section-boxed elementor-section-height-default elementor-section-height-default\" data-id=\"4869b2d\" data-element_type=\"section\" data-e-type=\"section\">\n\t\t\t\t\t\t<div class=\"elementor-container elementor-column-gap-default\">\n\t\t\t\t\t<div class=\"elementor-column elementor-col-100 elementor-top-column elementor-element elementor-element-e834c36\" data-id=\"e834c36\" data-element_type=\"column\" data-e-type=\"column\">\n\t\t\t<div class=\"elementor-widget-wrap elementor-element-populated\">\n\t\t\t\t\t\t<div class=\"elementor-element elementor-element-5f16b5f elementor-widget elementor-widget-text-editor\" data-id=\"5f16b5f\" data-element_type=\"widget\" data-e-type=\"widget\" data-widget_type=\"text-editor.default\">\n\t\t\t\t<div class=\"elementor-widget-container\">\n\t\t\t\t\t\t\t\t\t<p>Opiskelija, joka on hyv\u00e4ksytty <strong>Rasekon ammattiopiston<\/strong> opiskelijaksi, voi hakeutua kaksoistutkinnon suorittajaksi, mik\u00e4li peruskoulun p\u00e4\u00e4tt\u00f6todistuksen keskiarvo on v\u00e4hint\u00e4\u00e4n 7,0 (suositus v\u00e4hint\u00e4\u00e4n 7,5). Mik\u00e4li kaksoistutkintoryhm\u00e4\u00e4n hakijoita on enemm\u00e4n kuin 36, opiskelijat valitaan siihen keskiarvon mukaisessa paremmuusj\u00e4rjestyksess\u00e4.<\/p>\n<p>Hyv\u00e4ksymiskirjeen mukana opiskelija saa lomakkeen, jolla h\u00e4n ilmoittautuu kaksoistutkinnon suorittajaksi.<\/p>\t\t\t\t\t\t\t\t<\/div>\n\t\t\t\t<\/div>\n\t\t\t\t\t<\/div>\n\t\t<\/div>\n\t\t\t\t\t<\/div>\n\t\t<\/section>\n\t\t\t\t<\/div>\n\t\t","protected":false},"excerpt":{"rendered":"<p>Opiskelija, joka on hyv\u00e4ksytty Rasekon ammattiopiston opiskelijaksi, voi hakeutua kaksoistutkinnon suorittajaksi, mik\u00e4li peruskoulun p\u00e4\u00e4tt\u00f6todistuksen keskiarvo on v\u00e4hint\u00e4\u00e4n 7,0 (suositus v\u00e4hint\u00e4\u00e4n 7,5). Mik\u00e4li kaksoistutkintoryhm\u00e4\u00e4n hakijoita on enemm\u00e4n kuin 36, opiskelijat valitaan siihen keskiarvon mukaisessa paremmuusj\u00e4rjestyksess\u00e4. Hyv\u00e4ksymiskirjeen mukana opiskelija saa lomakkeen, jolla h\u00e4n ilmoittautuu kaksoistutkinnon suorittajaksi.<\/p>\n","protected":false},"author":1,"featured_media":0,"parent":2464,"menu_order":0,"comment_status":"closed","ping_status":"closed","template":"","meta":{"ocean_post_layout":"","ocean_both_sidebars_style":"","ocean_both_sidebars_content_width":0,"ocean_both_sidebars_sidebars_width":0,"ocean_sidebar":"0","ocean_second_sidebar":"0","ocean_disable_margins":"enable","ocean_add_body_class":"","ocean_shortcode_before_top_bar":"","ocean_shortcode_after_top_bar":"","ocean_shortcode_before_header":"","ocean_shortcode_after_header":"","ocean_has_shortcode":"","ocean_shortcode_after_title":"","ocean_shortcode_before_footer_widgets":"","ocean_shortcode_after_footer_widgets":"","ocean_shortcode_before_footer_bottom":"","ocean_shortcode_after_footer_bottom":"","ocean_display_top_bar":"default","ocean_display_header":"default","ocean_header_style":"","ocean_center_header_left_menu":"0","ocean_custom_header_template":"0","ocean_custom_logo":0,"ocean_custom_retina_logo":0,"ocean_custom_logo_max_width":0,"ocean_custom_logo_tablet_max_width":0,"ocean_custom_logo_mobile_max_width":0,"ocean_custom_logo_max_height":0,"ocean_custom_logo_tablet_max_height":0,"ocean_custom_logo_mobile_max_height":0,"ocean_header_custom_menu":"0","ocean_menu_typo_font_family":"0","ocean_menu_typo_font_subset":"","ocean_menu_typo_font_size":0,"ocean_menu_typo_font_size_tablet":0,"ocean_menu_typo_font_size_mobile":0,"ocean_menu_typo_font_size_unit":"px","ocean_menu_typo_font_weight":"","ocean_menu_typo_font_weight_tablet":"","ocean_menu_typo_font_weight_mobile":"","ocean_menu_typo_transform":"","ocean_menu_typo_transform_tablet":"","ocean_menu_typo_transform_mobile":"","ocean_menu_typo_line_height":0,"ocean_menu_typo_line_height_tablet":0,"ocean_menu_typo_line_height_mobile":0,"ocean_menu_typo_line_height_unit":"","ocean_menu_typo_spacing":0,"ocean_menu_typo_spacing_tablet":0,"ocean_menu_typo_spacing_mobile":0,"ocean_menu_typo_spacing_unit":"","ocean_menu_link_color":"","ocean_menu_link_color_hover":"","ocean_menu_link_color_active":"","ocean_menu_link_background":"","ocean_menu_link_hover_background":"","ocean_menu_link_active_background":"","ocean_menu_social_links_bg":"","ocean_menu_social_hover_links_bg":"","ocean_menu_social_links_color":"","ocean_menu_social_hover_links_color":"","ocean_disable_title":"default","ocean_disable_heading":"default","ocean_post_title":"","ocean_post_subheading":"","ocean_post_title_style":"","ocean_post_title_background_color":"","ocean_post_title_background":0,"ocean_post_title_bg_image_position":"","ocean_post_title_bg_image_attachment":"","ocean_post_title_bg_image_repeat":"","ocean_post_title_bg_image_size":"","ocean_post_title_height":0,"ocean_post_title_bg_overlay":0.5,"ocean_post_title_bg_overlay_color":"","ocean_disable_breadcrumbs":"default","ocean_breadcrumbs_color":"","ocean_breadcrumbs_separator_color":"","ocean_breadcrumbs_links_color":"","ocean_breadcrumbs_links_hover_color":"","ocean_display_footer_widgets":"default","ocean_display_footer_bottom":"default","ocean_custom_footer_template":"0","footnotes":""},"class_list":["post-2472","page","type-page","status-publish","hentry","entry"],"_links":{"self":[{"href":"https:\/\/www.raisionlukio.fi\/index.php?rest_route=\/wp\/v2\/pages\/2472","targetHints":{"allow":["GET"]}}],"collection":[{"href":"https:\/\/www.raisionlukio.fi\/index.php?rest_route=\/wp\/v2\/pages"}],"about":[{"href":"https:\/\/www.raisionlukio.fi\/index.php?rest_route=\/wp\/v2\/types\/page"}],"author":[{"embeddable":true,"href":"https:\/\/www.raisionlukio.fi\/index.php?rest_route=\/wp\/v2\/users\/1"}],"replies":[{"embeddable":true,"href":"https:\/\/www.raisionlukio.fi\/index.php?rest_route=%2Fwp%2Fv2%2Fcomments&post=2472"}],"version-history":[{"count":5,"href":"https:\/\/www.raisionlukio.fi\/index.php?rest_route=\/wp\/v2\/pages\/2472\/revisions"}],"predecessor-version":[{"id":4541,"href":"https:\/\/www.raisionlukio.fi\/index.php?rest_route=\/wp\/v2\/pages\/2472\/revisions\/4541"}],"up":[{"embeddable":true,"href":"https:\/\/www.raisionlukio.fi\/index.php?rest_route=\/wp\/v2\/pages\/2464"}],"wp:attachment":[{"href":"https:\/\/www.raisionlukio.fi\/index.php?rest_route=%2Fwp%2Fv2%2Fmedia&parent=2472"}],"curies":[{"name":"wp","href":"https:\/\/api.w.org\/{rel}","templated":true}]}}