{"id":2469,"date":"2020-05-22T12:46:18","date_gmt":"2020-05-22T09:46:18","guid":{"rendered":"http:\/\/10.3.14.4\/?page_id=2469"},"modified":"2025-03-12T18:50:10","modified_gmt":"2025-03-12T16:50:10","slug":"opetusjarjestelyt","status":"publish","type":"page","link":"https:\/\/www.raisionlukio.fi\/?page_id=2469","title":{"rendered":"OPETUSJ\u00c4RJESTELYT"},"content":{"rendered":"<h3>Kaksoistutkinnossa opiskeltavat aineet<\/h3>\n<p>Ylioppilastutkinnon rakenteen takia kaksoistutkintoa suorittamaan aikovan opiskelijan pit\u00e4\u00e4 ennen opintojen aloittamista valita lukiossa opiskeltavat oppiaineet. Opiskelijan kaksoistutkinto ja ylioppilastutkinto muodostuvat valituista oppiaineista. Suorittamalla lukion oppiaineen kurssit, opiskelijalle luetaan hyv\u00e4ksi vastaavia opintoja omassa ammatillisessa oppilaitoksessa.<\/p>\n<p>Rasekon ammattiopiston ja Raision lukion tarjoamassa kaksoistutkintomallissa opiskelija valitsee yhden oppiaineyhdistelm\u00e4n alla olevista vaihtoehdoista.<\/p>\n<ul>\n<li>\u00e4idinkieli, englanti, ruotsi, matematiikka (lyhyt), yhteiskuntaoppi (AERMY, 60 op)<\/li>\n<li>\u00e4idinkieli, englanti, ruotsi, terveystieto, yhteiskuntaoppi (AERTY, 56 op)<\/li>\n<li>\u00e4idinkieli, englanti, matematiikka (lyhyt), terveystieto, yhteiskuntaoppi (AEMTY, 54 op)<\/li>\n<li>\u00e4idinkieli, englanti, matematiikka (lyhyt), fysiikka, yhteiskuntaoppi (AEMFY, 62 op)<\/li>\n<\/ul>\n<p>Ensimm\u00e4isen\u00e4 lukuvuotena voi opiskella sek\u00e4 ruotsia ett\u00e4 matematiikkaa ja vasta my\u00f6hemmin p\u00e4\u00e4tt\u00e4\u00e4 lopullisesta aineyhdistelm\u00e4st\u00e4. (Huom. t\u00e4t\u00e4 valintaa ei kuitenkaan voi tehd\u00e4 aineyhdistelm\u00e4n AEMFY kanssa).<\/p>\n<p>Oppiaineittain tarjotaan opiskeltavaksi seuraavat lukion opetussuunnitelman 2019 perusteiden mukaiset pakolliset (lihavoitu) ja valinnaiset valtakunnalliset opinnot (kursivoitu) sek\u00e4 joitakin koulukohtaisia opintoja (sulkeissa)<br \/>\n<span style=\"font-weight: 400;\">\u00c4idinkieli ja kirjallisuus (10 op) : <strong>\u00c4I1, 4, 5, 6, 7<\/strong>, <em>10\/11<\/em><br \/>\n<\/span><span style=\"font-weight: 400;\">Englanti, A-oppim\u00e4\u00e4r\u00e4 (16 op) : <strong>ENA1, 2, 3, 4, 5, 6<\/strong>, <em>7<\/em>, (10)<br \/>\n<\/span><span style=\"font-weight: 400;\">Ruotsi, B1-oppim\u00e4\u00e4r\u00e4 (14 op) : <strong>RUB11, 2, 3, 4, 5<\/strong>, <em>7<\/em>, (8)<br \/>\n<\/span><span style=\"font-weight: 400;\">Matematiikka, lyhyt oppim\u00e4\u00e4r\u00e4 (12 op) : <strong>MAY1 + MAB2, 3, 4, 6, 7<\/strong>, (10)<br \/>\n<\/span><span style=\"font-weight: 400;\">Fysiikka (16 op) : <strong>FY1, 2<\/strong>, <em>3, 4, 5, 6, 7<\/em>, (9, 10)<br \/>\n<\/span><span style=\"font-weight: 400;\">Terveystieto (8 op) : <strong>TE1<\/strong>, <em>2, 3<\/em>, (4)<br \/>\n<\/span><span style=\"font-weight: 400;\">Yhteiskuntaoppi (8 op) : <strong>YH1, 2, 3<\/strong>, <em>4<\/em><\/span><\/p>\n<h3>Oppitunnit, opinto-opas, oppikirjat ja p\u00e4ivitt\u00e4inen opiskelu<\/h3>\n<p>Kaksoistutkinnon oppitunnit pidet\u00e4\u00e4n Raision lukiossa erillisen <a href=\"https:\/\/www.raisionlukio.fi\/?page_id=2464\" target=\"_blank\" rel=\"noopener\"><strong>lukuj\u00e4rjestyksen <\/strong><\/a>mukaisesti. Lis\u00e4ksi kolmannella vuosiluokalla syksyn ensimm\u00e4inen jakso opiskellaan kokonaan lukiossa.<\/p>\n<p>Opinto-oppaasta l\u00f6yd\u00e4t kaiken t\u00e4rke\u00e4n tiedon kurssien suorittamisesta, opinnoissa etenemisest\u00e4 sek\u00e4 kokeista ja arvioinnista.<br \/>\nKursseilla k\u00e4ytett\u00e4v\u00e4t oppikirjat ja opinto-opas l\u00f6ytyv\u00e4t <strong><a href=\"https:\/\/www.raisionlukio.fi\/?page_id=2438\">t\u00e4\u00e4lt\u00e4<\/a><\/strong>.<\/p>\n<p>Lukio-opinnoissa ja ylioppilaskirjoituksissa k\u00e4ytet\u00e4\u00e4n tietokoneita. Oppikirjat ovat p\u00e4\u00e4s\u00e4\u00e4nt\u00f6isesti digitaalisia ja l\u00e4hes kaikki kurssikokeet ovat s\u00e4hk\u00f6isi\u00e4, joten tietokonetta k\u00e4ytet\u00e4\u00e4n opiskelussa p\u00e4ivitt\u00e4in.<\/p>\n","protected":false},"excerpt":{"rendered":"<p>Kaksoistutkinnossa opiskeltavat aineet Ylioppilastutkinnon rakenteen takia kaksoistutkintoa suorittamaan aikovan opiskelijan pit\u00e4\u00e4 ennen opintojen aloittamista valita lukiossa opiskeltavat oppiaineet. Opiskelijan kaksoistutkinto ja ylioppilastutkinto muodostuvat valituista oppiaineista. Suorittamalla lukion oppiaineen kurssit, opiskelijalle luetaan hyv\u00e4ksi vastaavia opintoja omassa ammatillisessa oppilaitoksessa. Rasekon ammattiopiston ja Raision lukion tarjoamassa kaksoistutkintomallissa opiskelija valitsee yhden oppiaineyhdistelm\u00e4n alla olevista vaihtoehdoista. \u00e4idinkieli, englanti, ruotsi, matematiikka [&hellip;]<\/p>\n","protected":false},"author":1,"featured_media":0,"parent":2464,"menu_order":0,"comment_status":"closed","ping_status":"closed","template":"","meta":{"ocean_post_layout":"","ocean_both_sidebars_style":"","ocean_both_sidebars_content_width":0,"ocean_both_sidebars_sidebars_width":0,"ocean_sidebar":"0","ocean_second_sidebar":"0","ocean_disable_margins":"enable","ocean_add_body_class":"","ocean_shortcode_before_top_bar":"","ocean_shortcode_after_top_bar":"","ocean_shortcode_before_header":"","ocean_shortcode_after_header":"","ocean_has_shortcode":"","ocean_shortcode_after_title":"","ocean_shortcode_before_footer_widgets":"","ocean_shortcode_after_footer_widgets":"","ocean_shortcode_before_footer_bottom":"","ocean_shortcode_after_footer_bottom":"","ocean_display_top_bar":"default","ocean_display_header":"default","ocean_header_style":"","ocean_center_header_left_menu":"0","ocean_custom_header_template":"0","ocean_custom_logo":0,"ocean_custom_retina_logo":0,"ocean_custom_logo_max_width":0,"ocean_custom_logo_tablet_max_width":0,"ocean_custom_logo_mobile_max_width":0,"ocean_custom_logo_max_height":0,"ocean_custom_logo_tablet_max_height":0,"ocean_custom_logo_mobile_max_height":0,"ocean_header_custom_menu":"0","ocean_menu_typo_font_family":"0","ocean_menu_typo_font_subset":"","ocean_menu_typo_font_size":0,"ocean_menu_typo_font_size_tablet":0,"ocean_menu_typo_font_size_mobile":0,"ocean_menu_typo_font_size_unit":"px","ocean_menu_typo_font_weight":"","ocean_menu_typo_font_weight_tablet":"","ocean_menu_typo_font_weight_mobile":"","ocean_menu_typo_transform":"","ocean_menu_typo_transform_tablet":"","ocean_menu_typo_transform_mobile":"","ocean_menu_typo_line_height":0,"ocean_menu_typo_line_height_tablet":0,"ocean_menu_typo_line_height_mobile":0,"ocean_menu_typo_line_height_unit":"","ocean_menu_typo_spacing":0,"ocean_menu_typo_spacing_tablet":0,"ocean_menu_typo_spacing_mobile":0,"ocean_menu_typo_spacing_unit":"","ocean_menu_link_color":"","ocean_menu_link_color_hover":"","ocean_menu_link_color_active":"","ocean_menu_link_background":"","ocean_menu_link_hover_background":"","ocean_menu_link_active_background":"","ocean_menu_social_links_bg":"","ocean_menu_social_hover_links_bg":"","ocean_menu_social_links_color":"","ocean_menu_social_hover_links_color":"","ocean_disable_title":"default","ocean_disable_heading":"default","ocean_post_title":"","ocean_post_subheading":"","ocean_post_title_style":"","ocean_post_title_background_color":"","ocean_post_title_background":0,"ocean_post_title_bg_image_position":"","ocean_post_title_bg_image_attachment":"","ocean_post_title_bg_image_repeat":"","ocean_post_title_bg_image_size":"","ocean_post_title_height":0,"ocean_post_title_bg_overlay":0.5,"ocean_post_title_bg_overlay_color":"","ocean_disable_breadcrumbs":"default","ocean_breadcrumbs_color":"","ocean_breadcrumbs_separator_color":"","ocean_breadcrumbs_links_color":"","ocean_breadcrumbs_links_hover_color":"","ocean_display_footer_widgets":"default","ocean_display_footer_bottom":"default","ocean_custom_footer_template":"0","footnotes":""},"class_list":["post-2469","page","type-page","status-publish","hentry","entry"],"_links":{"self":[{"href":"https:\/\/www.raisionlukio.fi\/index.php?rest_route=\/wp\/v2\/pages\/2469","targetHints":{"allow":["GET"]}}],"collection":[{"href":"https:\/\/www.raisionlukio.fi\/index.php?rest_route=\/wp\/v2\/pages"}],"about":[{"href":"https:\/\/www.raisionlukio.fi\/index.php?rest_route=\/wp\/v2\/types\/page"}],"author":[{"embeddable":true,"href":"https:\/\/www.raisionlukio.fi\/index.php?rest_route=\/wp\/v2\/users\/1"}],"replies":[{"embeddable":true,"href":"https:\/\/www.raisionlukio.fi\/index.php?rest_route=%2Fwp%2Fv2%2Fcomments&post=2469"}],"version-history":[{"count":18,"href":"https:\/\/www.raisionlukio.fi\/index.php?rest_route=\/wp\/v2\/pages\/2469\/revisions"}],"predecessor-version":[{"id":4751,"href":"https:\/\/www.raisionlukio.fi\/index.php?rest_route=\/wp\/v2\/pages\/2469\/revisions\/4751"}],"up":[{"embeddable":true,"href":"https:\/\/www.raisionlukio.fi\/index.php?rest_route=\/wp\/v2\/pages\/2464"}],"wp:attachment":[{"href":"https:\/\/www.raisionlukio.fi\/index.php?rest_route=%2Fwp%2Fv2%2Fmedia&parent=2469"}],"curies":[{"name":"wp","href":"https:\/\/api.w.org\/{rel}","templated":true}]}}