{"id":2466,"date":"2020-05-22T12:42:53","date_gmt":"2020-05-22T09:42:53","guid":{"rendered":"http:\/\/10.3.14.4\/?page_id=2466"},"modified":"2021-04-09T16:48:57","modified_gmt":"2021-04-09T13:48:57","slug":"yleista-tietoa-kaksoistutkinnosta","status":"publish","type":"page","link":"https:\/\/www.raisionlukio.fi\/?page_id=2466","title":{"rendered":"YLEIST\u00c4 TIETOA KAKSOISTUTKINNOSTA"},"content":{"rendered":"\t\t<div data-elementor-type=\"wp-page\" data-elementor-id=\"2466\" class=\"elementor elementor-2466\">\n\t\t\t\t\t\t<section class=\"elementor-section elementor-top-section elementor-element elementor-element-fff5d8e elementor-section-boxed elementor-section-height-default elementor-section-height-default\" data-id=\"fff5d8e\" data-element_type=\"section\" data-e-type=\"section\">\n\t\t\t\t\t\t<div class=\"elementor-container elementor-column-gap-default\">\n\t\t\t\t\t<div class=\"elementor-column elementor-col-100 elementor-top-column elementor-element elementor-element-bbee0a1\" data-id=\"bbee0a1\" data-element_type=\"column\" data-e-type=\"column\">\n\t\t\t<div class=\"elementor-widget-wrap elementor-element-populated\">\n\t\t\t\t\t\t<div class=\"elementor-element elementor-element-e3993f4 elementor-widget elementor-widget-text-editor\" data-id=\"e3993f4\" data-element_type=\"widget\" data-e-type=\"widget\" data-widget_type=\"text-editor.default\">\n\t\t\t\t<div class=\"elementor-widget-container\">\n\t\t\t\t\t\t\t\t\t<p><strong>Rasekon ammattiopistossa<\/strong> opintonsa aloittaville tarjotaan mahdollisuus suorittaa ylioppilastutkinto ammatillisten opintojen ohella (= kaksoistutkinto). Ylioppilastutkinto ja siihen valmentavat kurssit suoritetaan <strong>Raision lukiossa.<\/strong><\/p>\n<h3>Miksi kaksoistutkintoon?<\/h3>\n<p>Kaksoistutkinto antaa opiskelijalle paremmat valmiudet jatkaa opintoja ammatillisen tutkinnon j\u00e4lkeen (ammattikorkeakoulut, yliopistot, korkeakoulut).<\/p>\n<h3>Kenelle?<\/h3>\n<p>Kahden tutkinnon suorittaminen yht\u00e4 aikaa vaatii opiskelijalta paljon. Opiskelu kahdessa oppilaitoksessa vaatii pitk\u00e4j\u00e4nteisyytt\u00e4 ja tulee olemaan haastavaa sek\u00e4 ajoittain my\u00f6s rankkaa.<\/p>\n<p>Opiskelijan ja huoltajien tulee tiedostaa, ett\u00e4 opiskelijalla pit\u00e4\u00e4 itsell\u00e4\u00e4n olla halu ja motivaatio kahden tutkinnon suorittamiseen. Opiskelijan edun mukaista on suorittaa yksi tutkinto kunnolla kuin kaksi huonosti.<\/p>\n<p>Kaksoistutkintoa suositellaan opiskelijalle, jonka peruskoulun p\u00e4\u00e4tt\u00f6todistuksen keskiarvo lukuaineissa on v\u00e4hint\u00e4\u00e4n 7,5 (ehdoton alaraja aloittamiselle on 7,0).<\/p>\n<p>Syksyll\u00e4 kaksoistutkintoon hakeutuneet opiskelijat aloittavat opintonsa lukion ensimm\u00e4isill\u00e4 kursseilla seuraavissa oppiaineissa: \u00e4idinkieli (AI1), englanti (ENA1-2), matematiikka (MAY1) ja ruotsi (RUB1-2). N\u00e4iden kurssien suoritusten perusteella valitaan lopullisesti ne opiskelijat, jotka hyv\u00e4ksyt\u00e4\u00e4n suorittamaan kaksoistutkintoa. Edellytyksen\u00e4 valinnalle on, ett\u00e4 keskiarvo em. kurssien osalta on v\u00e4hint\u00e4\u00e4n 7,0.<\/p>\t\t\t\t\t\t\t\t<\/div>\n\t\t\t\t<\/div>\n\t\t\t\t\t<\/div>\n\t\t<\/div>\n\t\t\t\t\t<\/div>\n\t\t<\/section>\n\t\t\t\t<\/div>\n\t\t","protected":false},"excerpt":{"rendered":"<p>Rasekon ammattiopistossa opintonsa aloittaville tarjotaan mahdollisuus suorittaa ylioppilastutkinto ammatillisten opintojen ohella (= kaksoistutkinto). Ylioppilastutkinto ja siihen valmentavat kurssit suoritetaan Raision lukiossa. Miksi kaksoistutkintoon? Kaksoistutkinto antaa opiskelijalle paremmat valmiudet jatkaa opintoja ammatillisen tutkinnon j\u00e4lkeen (ammattikorkeakoulut, yliopistot, korkeakoulut). Kenelle? Kahden tutkinnon suorittaminen yht\u00e4 aikaa vaatii opiskelijalta paljon. Opiskelu kahdessa oppilaitoksessa vaatii pitk\u00e4j\u00e4nteisyytt\u00e4 ja tulee olemaan haastavaa sek\u00e4 [&hellip;]<\/p>\n","protected":false},"author":1,"featured_media":0,"parent":2464,"menu_order":0,"comment_status":"closed","ping_status":"closed","template":"","meta":{"ocean_post_layout":"","ocean_both_sidebars_style":"","ocean_both_sidebars_content_width":0,"ocean_both_sidebars_sidebars_width":0,"ocean_sidebar":"0","ocean_second_sidebar":"0","ocean_disable_margins":"enable","ocean_add_body_class":"","ocean_shortcode_before_top_bar":"","ocean_shortcode_after_top_bar":"","ocean_shortcode_before_header":"","ocean_shortcode_after_header":"","ocean_has_shortcode":"","ocean_shortcode_after_title":"","ocean_shortcode_before_footer_widgets":"","ocean_shortcode_after_footer_widgets":"","ocean_shortcode_before_footer_bottom":"","ocean_shortcode_after_footer_bottom":"","ocean_display_top_bar":"default","ocean_display_header":"default","ocean_header_style":"","ocean_center_header_left_menu":"0","ocean_custom_header_template":"0","ocean_custom_logo":0,"ocean_custom_retina_logo":0,"ocean_custom_logo_max_width":0,"ocean_custom_logo_tablet_max_width":0,"ocean_custom_logo_mobile_max_width":0,"ocean_custom_logo_max_height":0,"ocean_custom_logo_tablet_max_height":0,"ocean_custom_logo_mobile_max_height":0,"ocean_header_custom_menu":"0","ocean_menu_typo_font_family":"0","ocean_menu_typo_font_subset":"","ocean_menu_typo_font_size":0,"ocean_menu_typo_font_size_tablet":0,"ocean_menu_typo_font_size_mobile":0,"ocean_menu_typo_font_size_unit":"px","ocean_menu_typo_font_weight":"","ocean_menu_typo_font_weight_tablet":"","ocean_menu_typo_font_weight_mobile":"","ocean_menu_typo_transform":"","ocean_menu_typo_transform_tablet":"","ocean_menu_typo_transform_mobile":"","ocean_menu_typo_line_height":0,"ocean_menu_typo_line_height_tablet":0,"ocean_menu_typo_line_height_mobile":0,"ocean_menu_typo_line_height_unit":"","ocean_menu_typo_spacing":0,"ocean_menu_typo_spacing_tablet":0,"ocean_menu_typo_spacing_mobile":0,"ocean_menu_typo_spacing_unit":"","ocean_menu_link_color":"","ocean_menu_link_color_hover":"","ocean_menu_link_color_active":"","ocean_menu_link_background":"","ocean_menu_link_hover_background":"","ocean_menu_link_active_background":"","ocean_menu_social_links_bg":"","ocean_menu_social_hover_links_bg":"","ocean_menu_social_links_color":"","ocean_menu_social_hover_links_color":"","ocean_disable_title":"default","ocean_disable_heading":"default","ocean_post_title":"","ocean_post_subheading":"","ocean_post_title_style":"","ocean_post_title_background_color":"","ocean_post_title_background":0,"ocean_post_title_bg_image_position":"","ocean_post_title_bg_image_attachment":"","ocean_post_title_bg_image_repeat":"","ocean_post_title_bg_image_size":"","ocean_post_title_height":0,"ocean_post_title_bg_overlay":0.5,"ocean_post_title_bg_overlay_color":"","ocean_disable_breadcrumbs":"default","ocean_breadcrumbs_color":"","ocean_breadcrumbs_separator_color":"","ocean_breadcrumbs_links_color":"","ocean_breadcrumbs_links_hover_color":"","ocean_display_footer_widgets":"default","ocean_display_footer_bottom":"default","ocean_custom_footer_template":"0","footnotes":""},"class_list":["post-2466","page","type-page","status-publish","hentry","entry"],"_links":{"self":[{"href":"https:\/\/www.raisionlukio.fi\/index.php?rest_route=\/wp\/v2\/pages\/2466","targetHints":{"allow":["GET"]}}],"collection":[{"href":"https:\/\/www.raisionlukio.fi\/index.php?rest_route=\/wp\/v2\/pages"}],"about":[{"href":"https:\/\/www.raisionlukio.fi\/index.php?rest_route=\/wp\/v2\/types\/page"}],"author":[{"embeddable":true,"href":"https:\/\/www.raisionlukio.fi\/index.php?rest_route=\/wp\/v2\/users\/1"}],"replies":[{"embeddable":true,"href":"https:\/\/www.raisionlukio.fi\/index.php?rest_route=%2Fwp%2Fv2%2Fcomments&post=2466"}],"version-history":[{"count":8,"href":"https:\/\/www.raisionlukio.fi\/index.php?rest_route=\/wp\/v2\/pages\/2466\/revisions"}],"predecessor-version":[{"id":3462,"href":"https:\/\/www.raisionlukio.fi\/index.php?rest_route=\/wp\/v2\/pages\/2466\/revisions\/3462"}],"up":[{"embeddable":true,"href":"https:\/\/www.raisionlukio.fi\/index.php?rest_route=\/wp\/v2\/pages\/2464"}],"wp:attachment":[{"href":"https:\/\/www.raisionlukio.fi\/index.php?rest_route=%2Fwp%2Fv2%2Fmedia&parent=2466"}],"curies":[{"name":"wp","href":"https:\/\/api.w.org\/{rel}","templated":true}]}}