{"id":2460,"date":"2020-05-22T12:36:39","date_gmt":"2020-05-22T09:36:39","guid":{"rendered":"http:\/\/10.3.14.4\/?page_id=2460"},"modified":"2023-08-04T14:16:28","modified_gmt":"2023-08-04T11:16:28","slug":"yrittajyyslinja","status":"publish","type":"page","link":"https:\/\/www.raisionlukio.fi\/?page_id=2460","title":{"rendered":"YRITT\u00c4JYYSLINJA"},"content":{"rendered":"\t\t<div data-elementor-type=\"wp-page\" data-elementor-id=\"2460\" class=\"elementor elementor-2460\">\n\t\t\t\t\t\t<section class=\"elementor-section elementor-top-section elementor-element elementor-element-490391f elementor-section-boxed elementor-section-height-default elementor-section-height-default\" data-id=\"490391f\" data-element_type=\"section\" data-e-type=\"section\">\n\t\t\t\t\t\t<div class=\"elementor-container elementor-column-gap-default\">\n\t\t\t\t\t<div class=\"elementor-column elementor-col-100 elementor-top-column elementor-element elementor-element-a86f9ce\" data-id=\"a86f9ce\" data-element_type=\"column\" data-e-type=\"column\">\n\t\t\t<div class=\"elementor-widget-wrap elementor-element-populated\">\n\t\t\t\t\t\t<div class=\"elementor-element elementor-element-e06c960 elementor-widget elementor-widget-text-editor\" data-id=\"e06c960\" data-element_type=\"widget\" data-e-type=\"widget\" data-widget_type=\"text-editor.default\">\n\t\t\t\t<div class=\"elementor-widget-container\">\n\t\t\t\t\t\t\t\t\t<h3>ENEMM\u00c4N KUIN YRITT\u00c4MIST\u00c4<\/h3><p>Yritt\u00e4jyyslinjalla tehd\u00e4\u00e4n yhdess\u00e4, kehityt\u00e4\u00e4n vastuullisuudessa ja koetaan avoimesti uusia asioita. Ehk\u00e4 opit my\u00f6s, kuinka tienaat ensimm\u00e4isen miljoonasi.<\/p>\t\t\t\t\t\t\t\t<\/div>\n\t\t\t\t<\/div>\n\t\t\t\t\t<\/div>\n\t\t<\/div>\n\t\t\t\t\t<\/div>\n\t\t<\/section>\n\t\t\t\t<section class=\"elementor-section elementor-top-section elementor-element elementor-element-da85d80 elementor-section-boxed elementor-section-height-default elementor-section-height-default\" data-id=\"da85d80\" data-element_type=\"section\" data-e-type=\"section\">\n\t\t\t\t\t\t<div class=\"elementor-container elementor-column-gap-default\">\n\t\t\t\t\t<div class=\"elementor-column elementor-col-100 elementor-top-column elementor-element elementor-element-6036ee7\" data-id=\"6036ee7\" data-element_type=\"column\" data-e-type=\"column\">\n\t\t\t<div class=\"elementor-widget-wrap elementor-element-populated\">\n\t\t\t\t\t\t<div class=\"elementor-element elementor-element-a614203 elementor-widget-divider--view-line elementor-widget elementor-widget-divider\" data-id=\"a614203\" data-element_type=\"widget\" data-e-type=\"widget\" data-widget_type=\"divider.default\">\n\t\t\t\t<div class=\"elementor-widget-container\">\n\t\t\t\t\t\t\t<div class=\"elementor-divider\">\n\t\t\t<span class=\"elementor-divider-separator\">\n\t\t\t\t\t\t<\/span>\n\t\t<\/div>\n\t\t\t\t\t\t<\/div>\n\t\t\t\t<\/div>\n\t\t\t\t\t<\/div>\n\t\t<\/div>\n\t\t\t\t\t<\/div>\n\t\t<\/section>\n\t\t\t\t<section class=\"elementor-section elementor-top-section elementor-element elementor-element-6f63964 elementor-section-boxed elementor-section-height-default elementor-section-height-default\" data-id=\"6f63964\" data-element_type=\"section\" data-e-type=\"section\">\n\t\t\t\t\t\t<div class=\"elementor-container elementor-column-gap-default\">\n\t\t\t\t\t<div class=\"elementor-column elementor-col-33 elementor-top-column elementor-element elementor-element-9abc922\" data-id=\"9abc922\" data-element_type=\"column\" data-e-type=\"column\">\n\t\t\t<div class=\"elementor-widget-wrap elementor-element-populated\">\n\t\t\t\t\t\t<div class=\"elementor-element elementor-element-e22c9bb elementor-widget elementor-widget-text-editor\" data-id=\"e22c9bb\" data-element_type=\"widget\" data-e-type=\"widget\" data-widget_type=\"text-editor.default\">\n\t\t\t\t<div class=\"elementor-widget-container\">\n\t\t\t\t\t\t\t\t\t<h3><a href=\"https:\/\/raisionlukio8-fi.hel8.wp-cloud.dev\/?page_id=3033\">Ajankohtaista<\/a><\/h3><h3><a href=\"https:\/\/raisionlukio8-fi.hel8.wp-cloud.dev\/?page_id=3037\">Sis\u00e4lt\u00f6<\/a><\/h3><h3><a href=\"https:\/\/raisionlukio8-fi.hel8.wp-cloud.dev\/?page_id=3040\">Opiskelijatarinat<\/a><\/h3>\t\t\t\t\t\t\t\t<\/div>\n\t\t\t\t<\/div>\n\t\t\t\t\t<\/div>\n\t\t<\/div>\n\t\t\t\t<div class=\"elementor-column elementor-col-66 elementor-top-column elementor-element elementor-element-a3bbaaa\" data-id=\"a3bbaaa\" data-element_type=\"column\" data-e-type=\"column\">\n\t\t\t<div class=\"elementor-widget-wrap elementor-element-populated\">\n\t\t\t\t\t\t<div class=\"elementor-element elementor-element-839c81c elementor-widget elementor-widget-text-editor\" data-id=\"839c81c\" data-element_type=\"widget\" data-e-type=\"widget\" data-widget_type=\"text-editor.default\">\n\t\t\t\t<div class=\"elementor-widget-container\">\n\t\t\t\t\t\t\t\t\t<h3>YRIT\u00c4, INNOSTU, LUO!<\/h3><p>Raision lukion yritt\u00e4jyyslinjan tavoitteena on luoda katsaus yritt\u00e4jyyteen ja vahvistaa opiskelijan yritt\u00e4j\u00e4m\u00e4ist\u00e4 asennetta sek\u00e4 valmentaa ty\u00f6el\u00e4m\u00e4\u00e4n.<\/p><p>Yritt\u00e4jyyslinja koostuu seuraavista osioista:<\/p><ul><li>Yr1 Yritt\u00e4j\u00e4kurssi<\/li><li>Tiimity\u00f6skentely<\/li><li>24H-leiri<\/li><li>Yrityskyl\u00e4-ohjaus<\/li><li>Korkeakouluyhteisty\u00f6<\/li><\/ul>\t\t\t\t\t\t\t\t<\/div>\n\t\t\t\t<\/div>\n\t\t\t\t\t<\/div>\n\t\t<\/div>\n\t\t\t\t\t<\/div>\n\t\t<\/section>\n\t\t\t\t<section class=\"elementor-section elementor-top-section elementor-element elementor-element-0312258 elementor-section-boxed elementor-section-height-default elementor-section-height-default\" data-id=\"0312258\" data-element_type=\"section\" data-e-type=\"section\">\n\t\t\t\t\t\t<div class=\"elementor-container elementor-column-gap-default\">\n\t\t\t\t\t<div class=\"elementor-column elementor-col-100 elementor-top-column elementor-element elementor-element-80975c4\" data-id=\"80975c4\" data-element_type=\"column\" data-e-type=\"column\">\n\t\t\t<div class=\"elementor-widget-wrap elementor-element-populated\">\n\t\t\t\t\t\t<div class=\"elementor-element elementor-element-e8b298d elementor-widget elementor-widget-text-editor\" data-id=\"e8b298d\" data-element_type=\"widget\" data-e-type=\"widget\" data-widget_type=\"text-editor.default\">\n\t\t\t\t<div class=\"elementor-widget-container\">\n\t\t\t\t\t\t\t\t\t<h3>VALTAKUNNALLISESTI PALKITTU<\/h3><p>Raision lukion yritt\u00e4jyystiimi valittiin YES Agentti-yritt\u00e4jyyskasvatuksen kehitt\u00e4j\u00e4ksi vuonna 2019.<\/p><h3>Kiinnostuitko yritt\u00e4jyyslinjasta? Ota yhteytt\u00e4 Tuulaan, Lottaan ja Janinaan!<\/h3>\t\t\t\t\t\t\t\t<\/div>\n\t\t\t\t<\/div>\n\t\t\t\t\t<\/div>\n\t\t<\/div>\n\t\t\t\t\t<\/div>\n\t\t<\/section>\n\t\t\t\t<section class=\"elementor-section elementor-top-section elementor-element elementor-element-cb81254 elementor-section-boxed elementor-section-height-default elementor-section-height-default\" data-id=\"cb81254\" data-element_type=\"section\" data-e-type=\"section\">\n\t\t\t\t\t\t<div class=\"elementor-container elementor-column-gap-default\">\n\t\t\t\t\t<div class=\"elementor-column elementor-col-50 elementor-top-column elementor-element elementor-element-abfa731\" data-id=\"abfa731\" data-element_type=\"column\" data-e-type=\"column\">\n\t\t\t<div class=\"elementor-widget-wrap elementor-element-populated\">\n\t\t\t\t\t\t<div class=\"elementor-element elementor-element-c8704e9 elementor-widget elementor-widget-image\" data-id=\"c8704e9\" data-element_type=\"widget\" data-e-type=\"widget\" data-widget_type=\"image.default\">\n\t\t\t\t<div class=\"elementor-widget-container\">\n\t\t\t\t\t\t\t\t\t\t\t\t\t\t\t<img fetchpriority=\"high\" decoding=\"async\" width=\"768\" height=\"764\" src=\"https:\/\/www.raisionlukio.fi\/wp-content\/uploads\/2020\/06\/yrittajyyslinja-ohjaajat-768x764-1.jpg\" class=\"attachment-large size-large wp-image-2627\" alt=\"\" srcset=\"https:\/\/www.raisionlukio.fi\/wp-content\/uploads\/2020\/06\/yrittajyyslinja-ohjaajat-768x764-1.jpg 768w, https:\/\/www.raisionlukio.fi\/wp-content\/uploads\/2020\/06\/yrittajyyslinja-ohjaajat-768x764-1-300x298.jpg 300w, https:\/\/www.raisionlukio.fi\/wp-content\/uploads\/2020\/06\/yrittajyyslinja-ohjaajat-768x764-1-150x150.jpg 150w\" sizes=\"(max-width: 768px) 100vw, 768px\" \/>\t\t\t\t\t\t\t\t\t\t\t\t\t\t\t<\/div>\n\t\t\t\t<\/div>\n\t\t\t\t\t<\/div>\n\t\t<\/div>\n\t\t\t\t<div class=\"elementor-column elementor-col-50 elementor-top-column elementor-element elementor-element-2ff5329\" data-id=\"2ff5329\" data-element_type=\"column\" data-e-type=\"column\">\n\t\t\t<div class=\"elementor-widget-wrap elementor-element-populated\">\n\t\t\t\t\t\t<div class=\"elementor-element elementor-element-8aa94cd elementor-widget elementor-widget-text-editor\" data-id=\"8aa94cd\" data-element_type=\"widget\" data-e-type=\"widget\" data-widget_type=\"text-editor.default\">\n\t\t\t\t<div class=\"elementor-widget-container\">\n\t\t\t\t\t\t\t\t\t<p>Opinto-ohjaaja<br \/><strong>Tuula Putkuri<\/strong><br \/>044 797 1281<br \/>tuula.putkuri@raisio.fi<\/p><p>Historian, yhteiskuntaopin ja uskonnon lehtori<br \/><strong>Lotta Rauhala<\/strong><br \/>lotta.rauhala@raisio.fi<\/p><p>Historian ja yhteiskuntaopin lehtori<br \/><strong>Janina L\u00f6nnroth<\/strong><br \/>040 516 4461<br \/>janina.lonnroth@raisio.fi<\/p>\t\t\t\t\t\t\t\t<\/div>\n\t\t\t\t<\/div>\n\t\t\t\t\t<\/div>\n\t\t<\/div>\n\t\t\t\t\t<\/div>\n\t\t<\/section>\n\t\t\t\t<section class=\"elementor-section elementor-top-section elementor-element elementor-element-17a1e4d elementor-section-boxed elementor-section-height-default elementor-section-height-default\" data-id=\"17a1e4d\" data-element_type=\"section\" data-e-type=\"section\">\n\t\t\t\t\t\t<div class=\"elementor-container elementor-column-gap-default\">\n\t\t\t\t\t<div class=\"elementor-column elementor-col-100 elementor-top-column elementor-element elementor-element-ac63546\" data-id=\"ac63546\" data-element_type=\"column\" data-e-type=\"column\">\n\t\t\t<div class=\"elementor-widget-wrap elementor-element-populated\">\n\t\t\t\t\t\t<div class=\"elementor-element elementor-element-ebd488a elementor-widget-divider--view-line elementor-widget elementor-widget-divider\" data-id=\"ebd488a\" data-element_type=\"widget\" data-e-type=\"widget\" data-widget_type=\"divider.default\">\n\t\t\t\t<div class=\"elementor-widget-container\">\n\t\t\t\t\t\t\t<div class=\"elementor-divider\">\n\t\t\t<span class=\"elementor-divider-separator\">\n\t\t\t\t\t\t<\/span>\n\t\t<\/div>\n\t\t\t\t\t\t<\/div>\n\t\t\t\t<\/div>\n\t\t\t\t\t<\/div>\n\t\t<\/div>\n\t\t\t\t\t<\/div>\n\t\t<\/section>\n\t\t\t\t<section class=\"elementor-section elementor-top-section elementor-element elementor-element-bde9b1f elementor-section-boxed elementor-section-height-default elementor-section-height-default\" data-id=\"bde9b1f\" data-element_type=\"section\" data-e-type=\"section\">\n\t\t\t\t\t\t<div class=\"elementor-container elementor-column-gap-default\">\n\t\t\t\t\t<div class=\"elementor-column elementor-col-100 elementor-top-column elementor-element elementor-element-5189160\" data-id=\"5189160\" data-element_type=\"column\" data-e-type=\"column\">\n\t\t\t<div class=\"elementor-widget-wrap elementor-element-populated\">\n\t\t\t\t\t\t<div class=\"elementor-element elementor-element-c61dce5 elementor-widget elementor-widget-image\" data-id=\"c61dce5\" data-element_type=\"widget\" data-e-type=\"widget\" data-widget_type=\"image.default\">\n\t\t\t\t<div class=\"elementor-widget-container\">\n\t\t\t\t\t\t\t\t\t\t\t\t<figure class=\"wp-caption\">\n\t\t\t\t\t\t\t\t\t\t<img decoding=\"async\" width=\"1024\" height=\"455\" src=\"https:\/\/www.raisionlukio.fi\/wp-content\/uploads\/2020\/06\/yritt\u00e4jyyskuva-2019-1.png\" class=\"attachment-large size-large wp-image-2628\" alt=\"\" srcset=\"https:\/\/www.raisionlukio.fi\/wp-content\/uploads\/2020\/06\/yritt\u00e4jyyskuva-2019-1.png 1024w, https:\/\/www.raisionlukio.fi\/wp-content\/uploads\/2020\/06\/yritt\u00e4jyyskuva-2019-1-300x133.png 300w, https:\/\/www.raisionlukio.fi\/wp-content\/uploads\/2020\/06\/yritt\u00e4jyyskuva-2019-1-768x341.png 768w\" sizes=\"(max-width: 1024px) 100vw, 1024px\" \/>\t\t\t\t\t\t\t\t\t\t\t<figcaption class=\"widget-image-caption wp-caption-text\">Raisio Business Race 2019 tunnelmia.<\/figcaption>\n\t\t\t\t\t\t\t\t\t\t<\/figure>\n\t\t\t\t\t\t\t\t\t<\/div>\n\t\t\t\t<\/div>\n\t\t\t\t\t<\/div>\n\t\t<\/div>\n\t\t\t\t\t<\/div>\n\t\t<\/section>\n\t\t\t\t<section class=\"elementor-section elementor-top-section elementor-element elementor-element-7e22a21 elementor-section-boxed elementor-section-height-default elementor-section-height-default\" data-id=\"7e22a21\" data-element_type=\"section\" data-e-type=\"section\">\n\t\t\t\t\t\t<div class=\"elementor-container elementor-column-gap-default\">\n\t\t\t\t\t<div class=\"elementor-column elementor-col-100 elementor-top-column elementor-element elementor-element-c218491\" data-id=\"c218491\" data-element_type=\"column\" data-e-type=\"column\">\n\t\t\t<div class=\"elementor-widget-wrap elementor-element-populated\">\n\t\t\t\t\t\t<div class=\"elementor-element elementor-element-6e954da elementor-widget-divider--view-line elementor-widget elementor-widget-divider\" data-id=\"6e954da\" data-element_type=\"widget\" data-e-type=\"widget\" data-widget_type=\"divider.default\">\n\t\t\t\t<div class=\"elementor-widget-container\">\n\t\t\t\t\t\t\t<div class=\"elementor-divider\">\n\t\t\t<span class=\"elementor-divider-separator\">\n\t\t\t\t\t\t<\/span>\n\t\t<\/div>\n\t\t\t\t\t\t<\/div>\n\t\t\t\t<\/div>\n\t\t\t\t\t<\/div>\n\t\t<\/div>\n\t\t\t\t\t<\/div>\n\t\t<\/section>\n\t\t\t\t<section class=\"elementor-section elementor-top-section elementor-element elementor-element-ede77e8 elementor-section-boxed elementor-section-height-default elementor-section-height-default\" data-id=\"ede77e8\" data-element_type=\"section\" data-e-type=\"section\">\n\t\t\t\t\t\t<div class=\"elementor-container elementor-column-gap-default\">\n\t\t\t\t\t<div class=\"elementor-column elementor-col-100 elementor-top-column elementor-element elementor-element-f63720e\" data-id=\"f63720e\" data-element_type=\"column\" data-e-type=\"column\">\n\t\t\t<div class=\"elementor-widget-wrap elementor-element-populated\">\n\t\t\t\t\t\t<div class=\"elementor-element elementor-element-609466f elementor-widget elementor-widget-image\" data-id=\"609466f\" data-element_type=\"widget\" data-e-type=\"widget\" data-widget_type=\"image.default\">\n\t\t\t\t<div class=\"elementor-widget-container\">\n\t\t\t\t\t\t\t\t\t\t\t\t<figure class=\"wp-caption\">\n\t\t\t\t\t\t\t\t\t\t<img decoding=\"async\" width=\"1024\" height=\"564\" src=\"https:\/\/www.raisionlukio.fi\/wp-content\/uploads\/2020\/06\/yrittajyyslinja.jpg\" class=\"attachment-large size-large wp-image-2629\" alt=\"\" srcset=\"https:\/\/www.raisionlukio.fi\/wp-content\/uploads\/2020\/06\/yrittajyyslinja.jpg 1024w, https:\/\/www.raisionlukio.fi\/wp-content\/uploads\/2020\/06\/yrittajyyslinja-300x165.jpg 300w, https:\/\/www.raisionlukio.fi\/wp-content\/uploads\/2020\/06\/yrittajyyslinja-768x423.jpg 768w\" sizes=\"(max-width: 1024px) 100vw, 1024px\" \/>\t\t\t\t\t\t\t\t\t\t\t<figcaption class=\"widget-image-caption wp-caption-text\">Helmikuussa 2017 Raision lukio ja Turun yliopisto solmivat yhteisty\u00f6sopimuksen yritt\u00e4jyysopinnoista. Samoin yhteisty\u00f6st\u00e4 sovittiin Raision lukion ja Turun AMK:n kesken. Yritt\u00e4jyyslinjalla voi muun muassa suorittaa Turun ammattikorkeakoulun Yritt\u00e4jyyden perusteet -kurssin (5 opintopistett\u00e4).<\/figcaption>\n\t\t\t\t\t\t\t\t\t\t<\/figure>\n\t\t\t\t\t\t\t\t\t<\/div>\n\t\t\t\t<\/div>\n\t\t\t\t\t<\/div>\n\t\t<\/div>\n\t\t\t\t\t<\/div>\n\t\t<\/section>\n\t\t\t\t<section class=\"elementor-section elementor-top-section elementor-element elementor-element-c6b428f elementor-section-boxed elementor-section-height-default elementor-section-height-default\" data-id=\"c6b428f\" data-element_type=\"section\" data-e-type=\"section\">\n\t\t\t\t\t\t<div class=\"elementor-container elementor-column-gap-default\">\n\t\t\t\t\t<div class=\"elementor-column elementor-col-100 elementor-top-column elementor-element elementor-element-12f6362\" data-id=\"12f6362\" data-element_type=\"column\" data-e-type=\"column\">\n\t\t\t<div class=\"elementor-widget-wrap elementor-element-populated\">\n\t\t\t\t\t\t<div class=\"elementor-element elementor-element-4980b13 elementor-widget-divider--view-line elementor-widget elementor-widget-divider\" data-id=\"4980b13\" data-element_type=\"widget\" data-e-type=\"widget\" data-widget_type=\"divider.default\">\n\t\t\t\t<div class=\"elementor-widget-container\">\n\t\t\t\t\t\t\t<div class=\"elementor-divider\">\n\t\t\t<span class=\"elementor-divider-separator\">\n\t\t\t\t\t\t<\/span>\n\t\t<\/div>\n\t\t\t\t\t\t<\/div>\n\t\t\t\t<\/div>\n\t\t\t\t\t<\/div>\n\t\t<\/div>\n\t\t\t\t\t<\/div>\n\t\t<\/section>\n\t\t\t\t<section class=\"elementor-section elementor-top-section elementor-element elementor-element-be0e8fc elementor-section-boxed elementor-section-height-default elementor-section-height-default\" data-id=\"be0e8fc\" data-element_type=\"section\" data-e-type=\"section\">\n\t\t\t\t\t\t<div class=\"elementor-container elementor-column-gap-default\">\n\t\t\t\t\t<div class=\"elementor-column elementor-col-100 elementor-top-column elementor-element elementor-element-e2b4f22\" data-id=\"e2b4f22\" data-element_type=\"column\" data-e-type=\"column\">\n\t\t\t<div class=\"elementor-widget-wrap elementor-element-populated\">\n\t\t\t\t\t\t<div class=\"elementor-element elementor-element-3ebabec elementor-widget elementor-widget-image\" data-id=\"3ebabec\" data-element_type=\"widget\" data-e-type=\"widget\" data-widget_type=\"image.default\">\n\t\t\t\t<div class=\"elementor-widget-container\">\n\t\t\t\t\t\t\t\t\t\t\t\t\t\t\t<img loading=\"lazy\" decoding=\"async\" width=\"732\" height=\"252\" src=\"https:\/\/www.raisionlukio.fi\/wp-content\/uploads\/2020\/06\/yrittajyyslinja_yhteistyokumppanit.png\" class=\"attachment-large size-large wp-image-2630\" alt=\"\" srcset=\"https:\/\/www.raisionlukio.fi\/wp-content\/uploads\/2020\/06\/yrittajyyslinja_yhteistyokumppanit.png 732w, https:\/\/www.raisionlukio.fi\/wp-content\/uploads\/2020\/06\/yrittajyyslinja_yhteistyokumppanit-300x103.png 300w\" sizes=\"(max-width: 732px) 100vw, 732px\" \/>\t\t\t\t\t\t\t\t\t\t\t\t\t\t\t<\/div>\n\t\t\t\t<\/div>\n\t\t\t\t\t<\/div>\n\t\t<\/div>\n\t\t\t\t\t<\/div>\n\t\t<\/section>\n\t\t\t\t<\/div>\n\t\t","protected":false},"excerpt":{"rendered":"<p>ENEMM\u00c4N KUIN YRITT\u00c4MIST\u00c4 Yritt\u00e4jyyslinjalla tehd\u00e4\u00e4n yhdess\u00e4, kehityt\u00e4\u00e4n vastuullisuudessa ja koetaan avoimesti uusia asioita. Ehk\u00e4 opit my\u00f6s, kuinka tienaat ensimm\u00e4isen miljoonasi. Ajankohtaista Sis\u00e4lt\u00f6 Opiskelijatarinat YRIT\u00c4, INNOSTU, LUO! Raision lukion yritt\u00e4jyyslinjan tavoitteena on luoda katsaus yritt\u00e4jyyteen ja vahvistaa opiskelijan yritt\u00e4j\u00e4m\u00e4ist\u00e4 asennetta sek\u00e4 valmentaa ty\u00f6el\u00e4m\u00e4\u00e4n. Yritt\u00e4jyyslinja koostuu seuraavista osioista: Yr1 Yritt\u00e4j\u00e4kurssi Tiimity\u00f6skentely 24H-leiri Yrityskyl\u00e4-ohjaus Korkeakouluyhteisty\u00f6 VALTAKUNNALLISESTI PALKITTU Raision [&hellip;]<\/p>\n","protected":false},"author":1,"featured_media":0,"parent":0,"menu_order":0,"comment_status":"closed","ping_status":"closed","template":"","meta":{"ocean_post_layout":"","ocean_both_sidebars_style":"","ocean_both_sidebars_content_width":0,"ocean_both_sidebars_sidebars_width":0,"ocean_sidebar":"0","ocean_second_sidebar":"0","ocean_disable_margins":"enable","ocean_add_body_class":"","ocean_shortcode_before_top_bar":"","ocean_shortcode_after_top_bar":"","ocean_shortcode_before_header":"","ocean_shortcode_after_header":"","ocean_has_shortcode":"","ocean_shortcode_after_title":"","ocean_shortcode_before_footer_widgets":"","ocean_shortcode_after_footer_widgets":"","ocean_shortcode_before_footer_bottom":"","ocean_shortcode_after_footer_bottom":"","ocean_display_top_bar":"default","ocean_display_header":"default","ocean_header_style":"","ocean_center_header_left_menu":"0","ocean_custom_header_template":"0","ocean_custom_logo":0,"ocean_custom_retina_logo":0,"ocean_custom_logo_max_width":0,"ocean_custom_logo_tablet_max_width":0,"ocean_custom_logo_mobile_max_width":0,"ocean_custom_logo_max_height":0,"ocean_custom_logo_tablet_max_height":0,"ocean_custom_logo_mobile_max_height":0,"ocean_header_custom_menu":"0","ocean_menu_typo_font_family":"0","ocean_menu_typo_font_subset":"","ocean_menu_typo_font_size":0,"ocean_menu_typo_font_size_tablet":0,"ocean_menu_typo_font_size_mobile":0,"ocean_menu_typo_font_size_unit":"px","ocean_menu_typo_font_weight":"","ocean_menu_typo_font_weight_tablet":"","ocean_menu_typo_font_weight_mobile":"","ocean_menu_typo_transform":"","ocean_menu_typo_transform_tablet":"","ocean_menu_typo_transform_mobile":"","ocean_menu_typo_line_height":0,"ocean_menu_typo_line_height_tablet":0,"ocean_menu_typo_line_height_mobile":0,"ocean_menu_typo_line_height_unit":"","ocean_menu_typo_spacing":0,"ocean_menu_typo_spacing_tablet":0,"ocean_menu_typo_spacing_mobile":0,"ocean_menu_typo_spacing_unit":"","ocean_menu_link_color":"","ocean_menu_link_color_hover":"","ocean_menu_link_color_active":"","ocean_menu_link_background":"","ocean_menu_link_hover_background":"","ocean_menu_link_active_background":"","ocean_menu_social_links_bg":"","ocean_menu_social_hover_links_bg":"","ocean_menu_social_links_color":"","ocean_menu_social_hover_links_color":"","ocean_disable_title":"default","ocean_disable_heading":"default","ocean_post_title":"","ocean_post_subheading":"","ocean_post_title_style":"","ocean_post_title_background_color":"","ocean_post_title_background":0,"ocean_post_title_bg_image_position":"","ocean_post_title_bg_image_attachment":"","ocean_post_title_bg_image_repeat":"","ocean_post_title_bg_image_size":"","ocean_post_title_height":0,"ocean_post_title_bg_overlay":0.5,"ocean_post_title_bg_overlay_color":"","ocean_disable_breadcrumbs":"default","ocean_breadcrumbs_color":"","ocean_breadcrumbs_separator_color":"","ocean_breadcrumbs_links_color":"","ocean_breadcrumbs_links_hover_color":"","ocean_display_footer_widgets":"default","ocean_display_footer_bottom":"default","ocean_custom_footer_template":"0","footnotes":""},"class_list":["post-2460","page","type-page","status-publish","hentry","entry"],"_links":{"self":[{"href":"https:\/\/www.raisionlukio.fi\/index.php?rest_route=\/wp\/v2\/pages\/2460","targetHints":{"allow":["GET"]}}],"collection":[{"href":"https:\/\/www.raisionlukio.fi\/index.php?rest_route=\/wp\/v2\/pages"}],"about":[{"href":"https:\/\/www.raisionlukio.fi\/index.php?rest_route=\/wp\/v2\/types\/page"}],"author":[{"embeddable":true,"href":"https:\/\/www.raisionlukio.fi\/index.php?rest_route=\/wp\/v2\/users\/1"}],"replies":[{"embeddable":true,"href":"https:\/\/www.raisionlukio.fi\/index.php?rest_route=%2Fwp%2Fv2%2Fcomments&post=2460"}],"version-history":[{"count":14,"href":"https:\/\/www.raisionlukio.fi\/index.php?rest_route=\/wp\/v2\/pages\/2460\/revisions"}],"predecessor-version":[{"id":4355,"href":"https:\/\/www.raisionlukio.fi\/index.php?rest_route=\/wp\/v2\/pages\/2460\/revisions\/4355"}],"wp:attachment":[{"href":"https:\/\/www.raisionlukio.fi\/index.php?rest_route=%2Fwp%2Fv2%2Fmedia&parent=2460"}],"curies":[{"name":"wp","href":"https:\/\/api.w.org\/{rel}","templated":true}]}}