{"id":2453,"date":"2020-05-22T12:27:05","date_gmt":"2020-05-22T09:27:05","guid":{"rendered":"http:\/\/10.3.14.4\/?page_id=2453"},"modified":"2025-06-12T09:50:48","modified_gmt":"2025-06-12T06:50:48","slug":"aikatauluja","status":"publish","type":"page","link":"https:\/\/www.raisionlukio.fi\/?page_id=2453","title":{"rendered":"AIKATAULUJA"},"content":{"rendered":"\t\t<div data-elementor-type=\"wp-page\" data-elementor-id=\"2453\" class=\"elementor elementor-2453\">\n\t\t\t\t\t\t<section class=\"elementor-section elementor-top-section elementor-element elementor-element-16252ff elementor-section-boxed elementor-section-height-default elementor-section-height-default\" data-id=\"16252ff\" data-element_type=\"section\" data-e-type=\"section\">\n\t\t\t\t\t\t<div class=\"elementor-container elementor-column-gap-default\">\n\t\t\t\t\t<div class=\"elementor-column elementor-col-100 elementor-top-column elementor-element elementor-element-e89c242\" data-id=\"e89c242\" data-element_type=\"column\" data-e-type=\"column\">\n\t\t\t<div class=\"elementor-widget-wrap elementor-element-populated\">\n\t\t\t\t\t\t<div class=\"elementor-element elementor-element-f2b8561 elementor-widget elementor-widget-text-editor\" data-id=\"f2b8561\" data-element_type=\"widget\" data-e-type=\"widget\" data-widget_type=\"text-editor.default\">\n\t\t\t\t<div class=\"elementor-widget-container\">\n\t\t\t\t\t\t\t\t\t<h3><a href=\"https:\/\/www.google.com\/calendar\/embed?src=edu.raisio.fi_16ue7h6b8qvfj02kul6jnq2sdo%40group.calendar.google.com&amp;ctz=Europe\/Helsinki&amp;hl=fi\">LUKION KALENTERI<\/a><\/h3><p>(iCal-linkki https:\/\/calendar.google.com\/calendar\/ical\/edu.raisio.fi_16ue7h6b8qvfj02kul6jnq2sdo%40group.calendar.google.com\/public\/basic.ics )<\/p><p><a href=\"https:\/\/sites.google.com\/edu.raisio.fi\/liikunnan-viikko-ohjelmat\/etusivu\"><strong>Liikunnan lukuj\u00e4rjestykset<\/strong><\/a><\/p>\t\t\t\t\t\t\t\t<\/div>\n\t\t\t\t<\/div>\n\t\t\t\t\t<\/div>\n\t\t<\/div>\n\t\t\t\t\t<\/div>\n\t\t<\/section>\n\t\t\t\t<section class=\"elementor-section elementor-top-section elementor-element elementor-element-65c880f elementor-section-boxed elementor-section-height-default elementor-section-height-default\" data-id=\"65c880f\" data-element_type=\"section\" data-e-type=\"section\">\n\t\t\t\t\t\t<div class=\"elementor-container elementor-column-gap-default\">\n\t\t\t\t\t<div class=\"elementor-column elementor-col-50 elementor-top-column elementor-element elementor-element-45d481a\" data-id=\"45d481a\" data-element_type=\"column\" data-e-type=\"column\">\n\t\t\t<div class=\"elementor-widget-wrap elementor-element-populated\">\n\t\t\t\t\t\t<div class=\"elementor-element elementor-element-40d4934 elementor-widget elementor-widget-text-editor\" data-id=\"40d4934\" data-element_type=\"widget\" data-e-type=\"widget\" data-widget_type=\"text-editor.default\">\n\t\t\t\t<div class=\"elementor-widget-container\">\n\t\t\t\t\t\t\t\t\t<h3>Ylioppilasjuhlat<\/h3><p>Syksyll\u00e4 valmistuvien ylioppilasjuhlaa vietet\u00e4\u00e4n 5.12.2025. Juhla alkaa klo 13:00 Raision lukion salissa.<\/p><p>Kev\u00e4\u00e4ll\u00e4 valmistuvien ylioppilasjuhlaa vietet\u00e4\u00e4n lauantaina 30.5.2026. Aika ja paikka tarkentuvat kev\u00e4\u00e4n aikana.\u00a0<\/p>\t\t\t\t\t\t\t\t<\/div>\n\t\t\t\t<\/div>\n\t\t\t\t\t<\/div>\n\t\t<\/div>\n\t\t\t\t<div class=\"elementor-column elementor-col-50 elementor-top-column elementor-element elementor-element-a712b30\" data-id=\"a712b30\" data-element_type=\"column\" data-e-type=\"column\">\n\t\t\t<div class=\"elementor-widget-wrap elementor-element-populated\">\n\t\t\t\t\t\t<div class=\"elementor-element elementor-element-5ca7dd7 elementor-widget elementor-widget-text-editor\" data-id=\"5ca7dd7\" data-element_type=\"widget\" data-e-type=\"widget\" data-widget_type=\"text-editor.default\">\n\t\t\t\t<div class=\"elementor-widget-container\">\n\t\t\t\t\t\t\t\t\t<h3>Vanhempainillat<\/h3>\n<p>Alkavien (ryhm\u00e4t 25) to 23.10.2025 klo 18.00<\/p>\n<p>Abit (ryhm\u00e4t 23 ja 22) to 6.11.2025 klo 18.00<\/p>\n<p>Jatkavat (ryhm\u00e4t 24) to 22.1.2026 klo 18.00<\/p>\t\t\t\t\t\t\t\t<\/div>\n\t\t\t\t<\/div>\n\t\t\t\t\t<\/div>\n\t\t<\/div>\n\t\t\t\t\t<\/div>\n\t\t<\/section>\n\t\t\t\t<section class=\"elementor-section elementor-top-section elementor-element elementor-element-7df922c elementor-section-boxed elementor-section-height-default elementor-section-height-default\" data-id=\"7df922c\" data-element_type=\"section\" data-e-type=\"section\">\n\t\t\t\t\t\t<div class=\"elementor-container elementor-column-gap-default\">\n\t\t\t\t\t<div class=\"elementor-column elementor-col-50 elementor-top-column elementor-element elementor-element-3c0ca63\" data-id=\"3c0ca63\" data-element_type=\"column\" data-e-type=\"column\">\n\t\t\t<div class=\"elementor-widget-wrap elementor-element-populated\">\n\t\t\t\t\t\t<div class=\"elementor-element elementor-element-44b66c4 elementor-widget elementor-widget-text-editor\" data-id=\"44b66c4\" data-element_type=\"widget\" data-e-type=\"widget\" data-widget_type=\"text-editor.default\">\n\t\t\t\t<div class=\"elementor-widget-container\">\n\t\t\t\t\t\t\t\t\t<h3>Lukuvuoden ty\u00f6- ja loma-ajat\u00a0<\/h3><p><strong style=\"font-size: 14px; color: var( --e-global-color-text );\">Lukuvuosi 2025 &#8211; 2026<\/strong><\/p><p>Koulu alkaa to 7.8.2025 klo 9.00 alkavat, klo 10.00 jatkavat ja abit.<\/p><p>syyslukukausi to 7.8. &#8211; la 20.12.2025<\/p><p>syysloma ma 13.10. &#8211; pe 17.10.2025<\/p><p>kev\u00e4tlukukausi ke 7.1. &#8211; la 30.5.2026<\/p><p>talviloma ma 16.2. &#8211; pe 20.2.2026<\/p><h3 style=\"font-variant-ligatures: normal; font-variant-caps: normal; font-family: Roboto, sans-serif; font-style: normal;\">Muut aikataulut<\/h3><p>penkkarip\u00e4iv\u00e4 to 5.2.2026<br \/>vanhojen tanssip\u00e4iv\u00e4 pe 6.2.2026<\/p>\t\t\t\t\t\t\t\t<\/div>\n\t\t\t\t<\/div>\n\t\t\t\t\t<\/div>\n\t\t<\/div>\n\t\t\t\t<div class=\"elementor-column elementor-col-50 elementor-top-column elementor-element elementor-element-5840d83\" data-id=\"5840d83\" data-element_type=\"column\" data-e-type=\"column\">\n\t\t\t<div class=\"elementor-widget-wrap elementor-element-populated\">\n\t\t\t\t\t\t<div class=\"elementor-element elementor-element-ead8ede elementor-widget elementor-widget-text-editor\" data-id=\"ead8ede\" data-element_type=\"widget\" data-e-type=\"widget\" data-widget_type=\"text-editor.default\">\n\t\t\t\t<div class=\"elementor-widget-container\">\n\t\t\t\t\t\t\t\t\t<h3>&nbsp;Jaksot ja arviointiviikot<\/h3>\n<p><strong>Lukuvuosi 2025 &#8211; 2026<\/strong><\/p>\n<p>1. jakso 7.8.-30.9. &nbsp;(arviointiviikko 22.9.-30.9.)<\/p>\n<p>2. jakso 1.10.-27.11. &nbsp;(arviointiviikko 19.11.-27.11.)<\/p>\n<p>3. jakso 28.11.-3.2. (arviointiviikko 26.1.-3.2. ,arviointiviikolla 8-palkin oppitunti)<\/p>\n<p>4. jakso 4.2.-2.4. (arviointiviikkoa 25.3.-2.4.)<\/p>\n<p>5. jakso 7.4.-30.5. (arviointiviikko 20.5.-30.5.)<\/p>\t\t\t\t\t\t\t\t<\/div>\n\t\t\t\t<\/div>\n\t\t\t\t\t<\/div>\n\t\t<\/div>\n\t\t\t\t\t<\/div>\n\t\t<\/section>\n\t\t\t\t<section class=\"elementor-section elementor-top-section elementor-element elementor-element-814dad0 elementor-section-boxed elementor-section-height-default elementor-section-height-default\" data-id=\"814dad0\" data-element_type=\"section\" data-e-type=\"section\">\n\t\t\t\t\t\t<div class=\"elementor-container elementor-column-gap-default\">\n\t\t\t\t\t<div class=\"elementor-column elementor-col-100 elementor-top-column elementor-element elementor-element-fd6a232\" data-id=\"fd6a232\" data-element_type=\"column\" data-e-type=\"column\">\n\t\t\t<div class=\"elementor-widget-wrap elementor-element-populated\">\n\t\t\t\t\t\t<div class=\"elementor-element elementor-element-f69ca80 elementor-widget-divider--view-line elementor-widget elementor-widget-divider\" data-id=\"f69ca80\" data-element_type=\"widget\" data-e-type=\"widget\" data-widget_type=\"divider.default\">\n\t\t\t\t<div class=\"elementor-widget-container\">\n\t\t\t\t\t\t\t<div class=\"elementor-divider\">\n\t\t\t<span class=\"elementor-divider-separator\">\n\t\t\t\t\t\t<\/span>\n\t\t<\/div>\n\t\t\t\t\t\t<\/div>\n\t\t\t\t<\/div>\n\t\t\t\t<div class=\"elementor-element elementor-element-2fe22b6 elementor-widget elementor-widget-text-editor\" data-id=\"2fe22b6\" data-element_type=\"widget\" data-e-type=\"widget\" data-widget_type=\"text-editor.default\">\n\t\t\t\t<div class=\"elementor-widget-container\">\n\t\t\t\t\t\t\t\t\t<h3 style=\"text-align: center;\">Tuntikiertokaavio<\/h3>\t\t\t\t\t\t\t\t<\/div>\n\t\t\t\t<\/div>\n\t\t\t\t<div class=\"elementor-element elementor-element-3d4534b elementor-widget elementor-widget-image\" data-id=\"3d4534b\" data-element_type=\"widget\" data-e-type=\"widget\" data-widget_type=\"image.default\">\n\t\t\t\t<div class=\"elementor-widget-container\">\n\t\t\t\t\t\t\t\t\t\t\t\t\t\t\t<img fetchpriority=\"high\" decoding=\"async\" width=\"693\" height=\"446\" src=\"https:\/\/www.raisionlukio.fi\/wp-content\/uploads\/2020\/05\/tuntikiertokaavio.png\" class=\"attachment-large size-large wp-image-2456\" alt=\"\" srcset=\"https:\/\/www.raisionlukio.fi\/wp-content\/uploads\/2020\/05\/tuntikiertokaavio.png 693w, https:\/\/www.raisionlukio.fi\/wp-content\/uploads\/2020\/05\/tuntikiertokaavio-300x193.png 300w\" sizes=\"(max-width: 693px) 100vw, 693px\" \/>\t\t\t\t\t\t\t\t\t\t\t\t\t\t\t<\/div>\n\t\t\t\t<\/div>\n\t\t\t\t\t<\/div>\n\t\t<\/div>\n\t\t\t\t\t<\/div>\n\t\t<\/section>\n\t\t\t\t<\/div>\n\t\t","protected":false},"excerpt":{"rendered":"<p>LUKION KALENTERI (iCal-linkki https:\/\/calendar.google.com\/calendar\/ical\/edu.raisio.fi_16ue7h6b8qvfj02kul6jnq2sdo%40group.calendar.google.com\/public\/basic.ics ) Liikunnan lukuj\u00e4rjestykset Ylioppilasjuhlat Syksyll\u00e4 valmistuvien ylioppilasjuhlaa vietet\u00e4\u00e4n 5.12.2025. Juhla alkaa klo 13:00 Raision lukion salissa. Kev\u00e4\u00e4ll\u00e4 valmistuvien ylioppilasjuhlaa vietet\u00e4\u00e4n lauantaina 30.5.2026. Aika ja paikka tarkentuvat kev\u00e4\u00e4n aikana.\u00a0 Vanhempainillat Alkavien (ryhm\u00e4t 25) to 23.10.2025 klo 18.00 Abit (ryhm\u00e4t 23 ja 22) to 6.11.2025 klo 18.00 Jatkavat (ryhm\u00e4t 24) to 22.1.2026 klo [&hellip;]<\/p>\n","protected":false},"author":1,"featured_media":0,"parent":0,"menu_order":0,"comment_status":"closed","ping_status":"closed","template":"","meta":{"ocean_post_layout":"","ocean_both_sidebars_style":"","ocean_both_sidebars_content_width":0,"ocean_both_sidebars_sidebars_width":0,"ocean_sidebar":"0","ocean_second_sidebar":"0","ocean_disable_margins":"enable","ocean_add_body_class":"","ocean_shortcode_before_top_bar":"","ocean_shortcode_after_top_bar":"","ocean_shortcode_before_header":"","ocean_shortcode_after_header":"","ocean_has_shortcode":"","ocean_shortcode_after_title":"","ocean_shortcode_before_footer_widgets":"","ocean_shortcode_after_footer_widgets":"","ocean_shortcode_before_footer_bottom":"","ocean_shortcode_after_footer_bottom":"","ocean_display_top_bar":"default","ocean_display_header":"default","ocean_header_style":"","ocean_center_header_left_menu":"0","ocean_custom_header_template":"0","ocean_custom_logo":0,"ocean_custom_retina_logo":0,"ocean_custom_logo_max_width":0,"ocean_custom_logo_tablet_max_width":0,"ocean_custom_logo_mobile_max_width":0,"ocean_custom_logo_max_height":0,"ocean_custom_logo_tablet_max_height":0,"ocean_custom_logo_mobile_max_height":0,"ocean_header_custom_menu":"0","ocean_menu_typo_font_family":"0","ocean_menu_typo_font_subset":"","ocean_menu_typo_font_size":0,"ocean_menu_typo_font_size_tablet":0,"ocean_menu_typo_font_size_mobile":0,"ocean_menu_typo_font_size_unit":"px","ocean_menu_typo_font_weight":"","ocean_menu_typo_font_weight_tablet":"","ocean_menu_typo_font_weight_mobile":"","ocean_menu_typo_transform":"","ocean_menu_typo_transform_tablet":"","ocean_menu_typo_transform_mobile":"","ocean_menu_typo_line_height":0,"ocean_menu_typo_line_height_tablet":0,"ocean_menu_typo_line_height_mobile":0,"ocean_menu_typo_line_height_unit":"","ocean_menu_typo_spacing":0,"ocean_menu_typo_spacing_tablet":0,"ocean_menu_typo_spacing_mobile":0,"ocean_menu_typo_spacing_unit":"","ocean_menu_link_color":"","ocean_menu_link_color_hover":"","ocean_menu_link_color_active":"","ocean_menu_link_background":"","ocean_menu_link_hover_background":"","ocean_menu_link_active_background":"","ocean_menu_social_links_bg":"","ocean_menu_social_hover_links_bg":"","ocean_menu_social_links_color":"","ocean_menu_social_hover_links_color":"","ocean_disable_title":"default","ocean_disable_heading":"default","ocean_post_title":"","ocean_post_subheading":"","ocean_post_title_style":"","ocean_post_title_background_color":"","ocean_post_title_background":0,"ocean_post_title_bg_image_position":"","ocean_post_title_bg_image_attachment":"","ocean_post_title_bg_image_repeat":"","ocean_post_title_bg_image_size":"","ocean_post_title_height":0,"ocean_post_title_bg_overlay":0.5,"ocean_post_title_bg_overlay_color":"","ocean_disable_breadcrumbs":"default","ocean_breadcrumbs_color":"","ocean_breadcrumbs_separator_color":"","ocean_breadcrumbs_links_color":"","ocean_breadcrumbs_links_hover_color":"","ocean_display_footer_widgets":"default","ocean_display_footer_bottom":"default","ocean_custom_footer_template":"0","footnotes":""},"class_list":["post-2453","page","type-page","status-publish","hentry","entry"],"_links":{"self":[{"href":"https:\/\/www.raisionlukio.fi\/index.php?rest_route=\/wp\/v2\/pages\/2453","targetHints":{"allow":["GET"]}}],"collection":[{"href":"https:\/\/www.raisionlukio.fi\/index.php?rest_route=\/wp\/v2\/pages"}],"about":[{"href":"https:\/\/www.raisionlukio.fi\/index.php?rest_route=\/wp\/v2\/types\/page"}],"author":[{"embeddable":true,"href":"https:\/\/www.raisionlukio.fi\/index.php?rest_route=\/wp\/v2\/users\/1"}],"replies":[{"embeddable":true,"href":"https:\/\/www.raisionlukio.fi\/index.php?rest_route=%2Fwp%2Fv2%2Fcomments&post=2453"}],"version-history":[{"count":20,"href":"https:\/\/www.raisionlukio.fi\/index.php?rest_route=\/wp\/v2\/pages\/2453\/revisions"}],"predecessor-version":[{"id":4813,"href":"https:\/\/www.raisionlukio.fi\/index.php?rest_route=\/wp\/v2\/pages\/2453\/revisions\/4813"}],"wp:attachment":[{"href":"https:\/\/www.raisionlukio.fi\/index.php?rest_route=%2Fwp%2Fv2%2Fmedia&parent=2453"}],"curies":[{"name":"wp","href":"https:\/\/api.w.org\/{rel}","templated":true}]}}