{"id":2417,"date":"2020-05-22T10:55:40","date_gmt":"2020-05-22T07:55:40","guid":{"rendered":"http:\/\/10.3.14.4\/?page_id=2417"},"modified":"2025-12-15T13:45:23","modified_gmt":"2025-12-15T11:45:23","slug":"hakeminen","status":"publish","type":"page","link":"https:\/\/www.raisionlukio.fi\/?page_id=2417","title":{"rendered":"HAKEMINEN"},"content":{"rendered":"\t\t<div data-elementor-type=\"wp-page\" data-elementor-id=\"2417\" class=\"elementor elementor-2417\">\n\t\t\t\t\t\t<section class=\"elementor-section elementor-top-section elementor-element elementor-element-4fabc77 elementor-section-boxed elementor-section-height-default elementor-section-height-default\" data-id=\"4fabc77\" data-element_type=\"section\" data-e-type=\"section\">\n\t\t\t\t\t\t<div class=\"elementor-container elementor-column-gap-default\">\n\t\t\t\t\t<div class=\"elementor-column elementor-col-100 elementor-top-column elementor-element elementor-element-a9fd244\" data-id=\"a9fd244\" data-element_type=\"column\" data-e-type=\"column\">\n\t\t\t<div class=\"elementor-widget-wrap elementor-element-populated\">\n\t\t\t\t\t\t<div class=\"elementor-element elementor-element-fd24628 elementor-widget elementor-widget-text-editor\" data-id=\"fd24628\" data-element_type=\"widget\" data-e-type=\"widget\" data-widget_type=\"text-editor.default\">\n\t\t\t\t<div class=\"elementor-widget-container\">\n\t\t\t\t\t\t\t\t\t<h3>Hakeminen Raision lukioon<\/h3>\n<ul>\n<li>Hakuaika on 17.2.\u201317.3.2026, hakulomake l\u00f6ytyy www.opintopolku.fi -sivulta.<\/li>\n<li>Hakuaika p\u00e4\u00e4ttyy<strong>&nbsp;17.3.2026&nbsp;klo 15.00<\/strong><\/li>\n<li>Saat tiedon yhteishaun tuloksista aikaisintaan 11.6.2026.<\/li>\n<li>LUKION ESITTELYILTA 9.-LUOKKALAISILLE JA HUOLTAJILLE ON TO 8.1.2026&nbsp;klo 18-20.&nbsp;<\/li>\n<\/ul>\n<p>Jos haluat tutustua lukioon etuk\u00e4teen, hyv\u00e4n kuvan lukion toiminnasta saat selailemalla www-sivuja ja meid\u00e4n Instagram-tili\u00e4! Voit my\u00f6s ottaa yhteytt\u00e4:<\/p>\n<ul>\n<li>lukion rehtoriin <a href=\"mailto:juha-matti.salmela@raisio.fi\">juha-matti.salmela@raisio.fi<\/a><\/li>\n<li>opinto-ohjaajiin tuula.putkuri@raisio.fi tai eeva.makinen@raisio.fi<\/li>\n<\/ul>\t\t\t\t\t\t\t\t<\/div>\n\t\t\t\t<\/div>\n\t\t\t\t\t<\/div>\n\t\t<\/div>\n\t\t\t\t\t<\/div>\n\t\t<\/section>\n\t\t\t\t<section class=\"elementor-section elementor-top-section elementor-element elementor-element-dec3500 elementor-section-boxed elementor-section-height-default elementor-section-height-default\" data-id=\"dec3500\" data-element_type=\"section\" data-e-type=\"section\">\n\t\t\t\t\t\t<div class=\"elementor-container elementor-column-gap-default\">\n\t\t\t\t\t<div class=\"elementor-column elementor-col-100 elementor-top-column elementor-element elementor-element-e2d1cb5\" data-id=\"e2d1cb5\" data-element_type=\"column\" data-e-type=\"column\">\n\t\t\t<div class=\"elementor-widget-wrap elementor-element-populated\">\n\t\t\t\t\t\t<div class=\"elementor-element elementor-element-03c8367 elementor-widget elementor-widget-text-editor\" data-id=\"03c8367\" data-element_type=\"widget\" data-e-type=\"widget\" data-widget_type=\"text-editor.default\">\n\t\t\t\t<div class=\"elementor-widget-container\">\n\t\t\t\t\t\t\t\t\t<h3>Valintaperusteet<\/h3><p>Opiskelijat valitaan peruskoulun p\u00e4\u00e4tt\u00f6todistuksen lukuaineiden keskiarvon mukaan. Keskiarvon on oltava v\u00e4hint\u00e4\u00e4n 7,00, alin sis\u00e4\u00e4np\u00e4\u00e4syyn oikeuttava keskiarvo m\u00e4\u00e4r\u00e4ytyy hakijoiden m\u00e4\u00e4r\u00e4n mukaan.<\/p><h3>Ainevalintalomake<\/h3><p>Vaisaaren 9. luokkalaiset tekev\u00e4t alustavat ainevalinnat oppilaanohjauksen tunneilla.<\/p><p>Muualta hakevat t\u00e4ytt\u00e4v\u00e4t ainevalintakortin kes\u00e4kuussa yhteisvalinnan tulosten julkaisemisen (11.6.2026) j\u00e4lkeen.<\/p><p>Raision lukiolta tulee s\u00e4hk\u00f6postilla hyv\u00e4ksymiskirje, jonka liitteen\u00e4 on kysely ainevalinnoista. T\u00e4m\u00e4 tulee t\u00e4ytt\u00e4\u00e4 mahdollisimman pian, mutta viimeist\u00e4\u00e4n 25.6.2026 menness\u00e4.<\/p><h3>Valintatulokset ja lukioon ilmoittautuminen<\/h3><p>Yhteishaun tulokset julkaistaan aikaisintaan 11.6.2026. Valituille hakijoille l\u00e4hetet\u00e4\u00e4n s\u00e4hk\u00f6postiviesti.<\/p><p>Ota opiskelupaikka vastaan s\u00e4hk\u00f6isesti 25.6.2026 menness\u00e4.<\/p><p>Raision lukio ei j\u00e4rjest\u00e4 sis\u00e4\u00e4nottop\u00e4ivi\u00e4 kes\u00e4kuussa 2026.<\/p><p>Ainevalinnat tehd\u00e4\u00e4n s\u00e4hk\u00f6isen kyselylomakkeen perusteella.<\/p>\t\t\t\t\t\t\t\t<\/div>\n\t\t\t\t<\/div>\n\t\t\t\t\t<\/div>\n\t\t<\/div>\n\t\t\t\t\t<\/div>\n\t\t<\/section>\n\t\t\t\t<\/div>\n\t\t","protected":false},"excerpt":{"rendered":"<p>Hakeminen Raision lukioon Hakuaika on 17.2.\u201317.3.2026, hakulomake l\u00f6ytyy www.opintopolku.fi -sivulta. Hakuaika p\u00e4\u00e4ttyy&nbsp;17.3.2026&nbsp;klo 15.00 Saat tiedon yhteishaun tuloksista aikaisintaan 11.6.2026. LUKION ESITTELYILTA 9.-LUOKKALAISILLE JA HUOLTAJILLE ON TO 8.1.2026&nbsp;klo 18-20.&nbsp; Jos haluat tutustua lukioon etuk\u00e4teen, hyv\u00e4n kuvan lukion toiminnasta saat selailemalla www-sivuja ja meid\u00e4n Instagram-tili\u00e4! Voit my\u00f6s ottaa yhteytt\u00e4: lukion rehtoriin juha-matti.salmela@raisio.fi opinto-ohjaajiin tuula.putkuri@raisio.fi tai eeva.makinen@raisio.fi Valintaperusteet [&hellip;]<\/p>\n","protected":false},"author":1,"featured_media":0,"parent":2438,"menu_order":0,"comment_status":"closed","ping_status":"closed","template":"","meta":{"ocean_post_layout":"","ocean_both_sidebars_style":"","ocean_both_sidebars_content_width":0,"ocean_both_sidebars_sidebars_width":0,"ocean_sidebar":"0","ocean_second_sidebar":"0","ocean_disable_margins":"enable","ocean_add_body_class":"","ocean_shortcode_before_top_bar":"","ocean_shortcode_after_top_bar":"","ocean_shortcode_before_header":"","ocean_shortcode_after_header":"","ocean_has_shortcode":"","ocean_shortcode_after_title":"","ocean_shortcode_before_footer_widgets":"","ocean_shortcode_after_footer_widgets":"","ocean_shortcode_before_footer_bottom":"","ocean_shortcode_after_footer_bottom":"","ocean_display_top_bar":"default","ocean_display_header":"default","ocean_header_style":"","ocean_center_header_left_menu":"0","ocean_custom_header_template":"0","ocean_custom_logo":0,"ocean_custom_retina_logo":0,"ocean_custom_logo_max_width":0,"ocean_custom_logo_tablet_max_width":0,"ocean_custom_logo_mobile_max_width":0,"ocean_custom_logo_max_height":0,"ocean_custom_logo_tablet_max_height":0,"ocean_custom_logo_mobile_max_height":0,"ocean_header_custom_menu":"0","ocean_menu_typo_font_family":"0","ocean_menu_typo_font_subset":"","ocean_menu_typo_font_size":0,"ocean_menu_typo_font_size_tablet":0,"ocean_menu_typo_font_size_mobile":0,"ocean_menu_typo_font_size_unit":"px","ocean_menu_typo_font_weight":"","ocean_menu_typo_font_weight_tablet":"","ocean_menu_typo_font_weight_mobile":"","ocean_menu_typo_transform":"","ocean_menu_typo_transform_tablet":"","ocean_menu_typo_transform_mobile":"","ocean_menu_typo_line_height":0,"ocean_menu_typo_line_height_tablet":0,"ocean_menu_typo_line_height_mobile":0,"ocean_menu_typo_line_height_unit":"","ocean_menu_typo_spacing":0,"ocean_menu_typo_spacing_tablet":0,"ocean_menu_typo_spacing_mobile":0,"ocean_menu_typo_spacing_unit":"","ocean_menu_link_color":"","ocean_menu_link_color_hover":"","ocean_menu_link_color_active":"","ocean_menu_link_background":"","ocean_menu_link_hover_background":"","ocean_menu_link_active_background":"","ocean_menu_social_links_bg":"","ocean_menu_social_hover_links_bg":"","ocean_menu_social_links_color":"","ocean_menu_social_hover_links_color":"","ocean_disable_title":"default","ocean_disable_heading":"default","ocean_post_title":"","ocean_post_subheading":"","ocean_post_title_style":"","ocean_post_title_background_color":"","ocean_post_title_background":0,"ocean_post_title_bg_image_position":"","ocean_post_title_bg_image_attachment":"","ocean_post_title_bg_image_repeat":"","ocean_post_title_bg_image_size":"","ocean_post_title_height":0,"ocean_post_title_bg_overlay":0.5,"ocean_post_title_bg_overlay_color":"","ocean_disable_breadcrumbs":"default","ocean_breadcrumbs_color":"","ocean_breadcrumbs_separator_color":"","ocean_breadcrumbs_links_color":"","ocean_breadcrumbs_links_hover_color":"","ocean_display_footer_widgets":"default","ocean_display_footer_bottom":"default","ocean_custom_footer_template":"0","footnotes":""},"class_list":["post-2417","page","type-page","status-publish","hentry","entry"],"_links":{"self":[{"href":"https:\/\/www.raisionlukio.fi\/index.php?rest_route=\/wp\/v2\/pages\/2417","targetHints":{"allow":["GET"]}}],"collection":[{"href":"https:\/\/www.raisionlukio.fi\/index.php?rest_route=\/wp\/v2\/pages"}],"about":[{"href":"https:\/\/www.raisionlukio.fi\/index.php?rest_route=\/wp\/v2\/types\/page"}],"author":[{"embeddable":true,"href":"https:\/\/www.raisionlukio.fi\/index.php?rest_route=\/wp\/v2\/users\/1"}],"replies":[{"embeddable":true,"href":"https:\/\/www.raisionlukio.fi\/index.php?rest_route=%2Fwp%2Fv2%2Fcomments&post=2417"}],"version-history":[{"count":20,"href":"https:\/\/www.raisionlukio.fi\/index.php?rest_route=\/wp\/v2\/pages\/2417\/revisions"}],"predecessor-version":[{"id":4916,"href":"https:\/\/www.raisionlukio.fi\/index.php?rest_route=\/wp\/v2\/pages\/2417\/revisions\/4916"}],"up":[{"embeddable":true,"href":"https:\/\/www.raisionlukio.fi\/index.php?rest_route=\/wp\/v2\/pages\/2438"}],"wp:attachment":[{"href":"https:\/\/www.raisionlukio.fi\/index.php?rest_route=%2Fwp%2Fv2%2Fmedia&parent=2417"}],"curies":[{"name":"wp","href":"https:\/\/api.w.org\/{rel}","templated":true}]}}