{"id":2394,"date":"2020-05-22T09:41:57","date_gmt":"2020-05-22T06:41:57","guid":{"rendered":"http:\/\/10.3.14.4\/?page_id=2394"},"modified":"2025-09-25T11:26:04","modified_gmt":"2025-09-25T08:26:04","slug":"arviointi","status":"publish","type":"page","link":"https:\/\/www.raisionlukio.fi\/?page_id=2394","title":{"rendered":"ARVIOINTI"},"content":{"rendered":"\t\t<div data-elementor-type=\"wp-page\" data-elementor-id=\"2394\" class=\"elementor elementor-2394\">\n\t\t\t\t\t\t<section class=\"elementor-section elementor-top-section elementor-element elementor-element-45da03c elementor-section-boxed elementor-section-height-default elementor-section-height-default\" data-id=\"45da03c\" data-element_type=\"section\" data-e-type=\"section\">\n\t\t\t\t\t\t<div class=\"elementor-container elementor-column-gap-default\">\n\t\t\t\t\t<div class=\"elementor-column elementor-col-100 elementor-top-column elementor-element elementor-element-2c5aa44\" data-id=\"2c5aa44\" data-element_type=\"column\" data-e-type=\"column\">\n\t\t\t<div class=\"elementor-widget-wrap elementor-element-populated\">\n\t\t\t\t\t\t<div class=\"elementor-element elementor-element-230dae9 elementor-widget elementor-widget-text-editor\" data-id=\"230dae9\" data-element_type=\"widget\" data-e-type=\"widget\" data-widget_type=\"text-editor.default\">\n\t\t\t\t<div class=\"elementor-widget-container\">\n\t\t\t\t\t\t\t\t\t<h3>1 Opintojaksojen arviointi<\/h3><p>Opintojakson alkaessa opettaja kertoo opintojakson arvioinnin perusteet. Arviointi perustuu kirjallisiin kokeisiin ja\/tai muihin n\u00e4ytt\u00f6ihin. Pakolliset ja valtakunnalliset valinnaiset opintojaksot arvioidaan numeroin 4-10. Koulukohtaiset opintojaksot voidaan arvioida my\u00f6s suoritusmerkinn\u00e4ll\u00e4 (S=suoritettu, H=hyl\u00e4tty). Opintojaksojen arviointitapa on ilmoitettu opintojaksoselosteissa.<\/p><p>Arviointimerkinn\u00e4t:<\/p><p>5-10 = opintojakso suoritettu<\/p><p>4 tai H = hyl\u00e4tty (ks. <a href=\"https:\/\/raisionlukio8-fi.hel8.wp-cloud.dev\/?page_id=2391\">opintojaksojen suorittaminen<\/a>)<br \/>K = suoritus kesken (ks. <a href=\"https:\/\/raisionlukio8-fi.hel8.wp-cloud.dev\/?page_id=2391\">opintojaksojen suorittaminen<\/a>)<br \/>E = opintojakso suoritettava uudelleen (ks. <a href=\"https:\/\/raisionlukio8-fi.hel8.wp-cloud.dev\/?page_id=2391\">opintojaksojen suorittaminen<\/a>)<br \/>S = opintojakso suoritettu<br \/>OT = odottaa toimenpiteit\u00e4 (etenemiseste ks. kohta 2)<\/p><h3>2 Opintojen eteneminen ja arvioinnin etenemiseste<\/h3><p>Opiskelijan tulee seurata omien opintojensa etenemist\u00e4.<\/p><p>Raision lukiossa k\u00e4ytet\u00e4\u00e4n arvioinnissa OT eli \u201codottaa toimenpiteit\u00e4\u201d -merkint\u00e4\u00e4. Merkinn\u00e4n tarkoitus on kertoa opiskelijalle heti, kun on ilmeist\u00e4, ett\u00e4 p\u00e4\u00e4tt\u00f6todistuksen saaminen estyy liiallisten nelosten m\u00e4\u00e4r\u00e4n vuoksi. Merkint\u00e4 laitetaan viimeksi suoritetun hyl\u00e4tyn arvosanan kohdalle ja sen j\u00e4lkeisiin opintojaksoihin, kunnes etenemiseste poistuu.<\/p><p>Nelosia saa olla pakollisissa opintojaksoissa seuraavasti:<br \/>MAA: 6 opintopistett\u00e4<br \/>ENA, MAB, RUA, S2 ja \u00c4I: 4 opintopistett\u00e4<br \/>HI, RUB ja YH: 2 opintopistett\u00e4<br \/>BG, GE, FY, ET, KE, KU, LI, MU, PS, TE, UE, UI, UK ja UO: 0 opintopistett\u00e4<\/p><p>Etenemisesteess\u00e4 on kyse arvioinnin etenemisest\u00e4. T\u00e4m\u00e4 tarkoittaa sit\u00e4, ett\u00e4 opiskelija saa osallistua seuraaville opintojaksoille, mutta n\u00e4iden opintojaksojen arviointia ei voida tehd\u00e4, ennen kuin etenemiseste poistuu. My\u00f6s n\u00e4m\u00e4 seuraavien opintojaksojen arvioinnit merkit\u00e4\u00e4n Wilmaan OT -merkinn\u00e4ll\u00e4 siihen asti, kunnes etenemiseste on poistunut.<\/p><p>Etenemiseste poistuu, kun opiskelija korottaa tarvittavan m\u00e4\u00e4r\u00e4n arvosanoja 4 hyv\u00e4ksytyiksi arvosanoiksi 5 &#8211; 10. Etenemisesteen saa poistettua my\u00f6s, jos opiskelija suorittaa riitt\u00e4v\u00e4n m\u00e4\u00e4r\u00e4n valtakunnallisia valinnaisia opintojaksoja, ja saa niist\u00e4 hyv\u00e4ksytyn arvosanan (5 &#8211; 10). T\u00e4ss\u00e4 tapauksessa 2\/3 opintopisteist\u00e4 opiskelijan suorittamissa pakollisissa ja valtakunnallisissa valinnaisissa opintojaksoissa pit\u00e4\u00e4 olla hyv\u00e4ksytty.<\/p><p>Opiskelijan tulee itse sopia korotusmahdollisuudesta ja\/tai -tavoista korotettavan opintojakson opettajan kanssa. Saatuaan tarvittavat korotukset tehty\u00e4 opiskelija itse pyyt\u00e4\u00e4 OT -merkinn\u00e4n poistamista rehtorilta tai opinto-ohjaajilta. Pyynn\u00f6n j\u00e4lkeen arvosana tulee n\u00e4kyv\u00e4ksi ja opiskelija saa opintopisteet suorittamastaan opintojaksosta\/ suorittamistaan opintojaksoista.<\/p><h3>3 Jaksotodistus<\/h3><p>Opiskelijat ja huoltajat (alle 18-vuotiaiden) voivat katsoa Wilmasta jaksotodistukset.<\/p><h3>4 Oppiaineen arvosana p\u00e4\u00e4tt\u00f6todistuksessa<\/h3><p>Oppiaineen oppim\u00e4\u00e4r\u00e4n arvosana p\u00e4\u00e4tt\u00f6todistuksessa m\u00e4\u00e4r\u00e4ytyy opiskelijan opiskelemien pakollisten ja valtakunnallisten valinnaisten opintojaksojen arvosanojen painotettuna aritmeettisena keskiarvosanana. Mainituista opinnoista opiskelijalla saa olla hyl\u00e4ttyj\u00e4 opintopisteit\u00e4 enint\u00e4\u00e4n seuraavasti:<\/p><p>LOPS21<br \/>2-5\u00a0 suoritettua opintopistett\u00e4 \/ enint\u00e4\u00e4n 0 opintopistett\u00e4 hyl\u00e4ttyj\u00e4 opintoja<br \/>6-11\u00a0 suoritettua opintopistett\u00e4 \/ enint\u00e4\u00e4n 2 opintopistett\u00e4 hyl\u00e4ttyj\u00e4 opintoja<br \/>12-17\u00a0 suoritettua opintopistett\u00e4 \/ enint\u00e4\u00e4n 4 opintopistett\u00e4 hyl\u00e4ttyj\u00e4 opintoja<br \/>18-\u00a0 suoritettua opintopistett\u00e4 \/ enint\u00e4\u00e4n 6 opintopistett\u00e4 hyl\u00e4ttyj\u00e4 opintoja<\/p><p>Oppiaineen oppim\u00e4\u00e4r\u00e4ss\u00e4 ovat mukana kaikki opiskelijan arvioidut pakolliset ja valtakunnalliset valinnaiset opintojaksot, eik\u00e4 niist\u00e4 mit\u00e4\u00e4n voida j\u00e4lkik\u00e4teen poistaa.<\/p><p>Oppiaineen arvosanaa voidaan korottaa koulukohtaisten opintojaksojen perusteella tai mik\u00e4li opiskelijan tiedot ja taidot ovat oppiaineen p\u00e4\u00e4tt\u00f6vaiheessa paremmat. Arvioinnista p\u00e4\u00e4tt\u00e4v\u00e4t kussakin oppiaineessa opiskelijan opettaja\/t.<\/p><p>Opinto-ohjauksesta annetaan suoritusmerkint\u00e4. Suoritusmerkint\u00e4 (S) voidaan pyynn\u00f6st\u00e4 antaa liikunnasta ja sellaisista oppiaineista, joissa opiskelijan suorittama oppim\u00e4\u00e4r\u00e4 k\u00e4sitt\u00e4\u00e4 vain kaksi opintopistett\u00e4. Valinnaisista vieraista kielist\u00e4 on pyynn\u00f6st\u00e4 mahdollisuus saada suoritusmerkint\u00e4 (S), mik\u00e4li opiskelijan suorittama oppim\u00e4\u00e4r\u00e4 niiss\u00e4 k\u00e4sitt\u00e4\u00e4 korkeintaan nelj\u00e4 opintopistett\u00e4.<\/p><h3>5 P\u00e4\u00e4tt\u00f6todistus<\/h3><p>P\u00e4\u00e4tt\u00f6todistuksen saa, kun on suorittanut 150 opintopistett\u00e4, joihin sis\u00e4ltyv\u00e4t kaikki pakolliset opinnot ja v\u00e4hint\u00e4\u00e4n 20 opintopistett\u00e4 valtakunnallisia valinnaisia opintoja. <strong>Koulukohtaisista opintojaksoista voidaan lukea lukion oppim\u00e4\u00e4r\u00e4\u00e4n vain hyv\u00e4ksytysti suoritetut.<\/strong><\/p><h3>6 Korotuskuulustelut<\/h3><p>Ylioppilaskirjoitusten j\u00e4lkeen opiskelijalla on mahdollisuus korottaa oppiaineen p\u00e4\u00e4tt\u00f6arvosanaa korotuskuulusteluissa, joihin ilmoittaudutaan suoraan aineen opettajalle. Kuulustelut pidet\u00e4\u00e4n kev\u00e4\u00e4ll\u00e4 5. jakson koep\u00e4ivin\u00e4 ja syksyll\u00e4 2. jakson koep\u00e4ivin\u00e4.<\/p>\t\t\t\t\t\t\t\t<\/div>\n\t\t\t\t<\/div>\n\t\t\t\t\t<\/div>\n\t\t<\/div>\n\t\t\t\t\t<\/div>\n\t\t<\/section>\n\t\t\t\t<\/div>\n\t\t","protected":false},"excerpt":{"rendered":"<p>1 Opintojaksojen arviointi Opintojakson alkaessa opettaja kertoo opintojakson arvioinnin perusteet. Arviointi perustuu kirjallisiin kokeisiin ja\/tai muihin n\u00e4ytt\u00f6ihin. Pakolliset ja valtakunnalliset valinnaiset opintojaksot arvioidaan numeroin 4-10. Koulukohtaiset opintojaksot voidaan arvioida my\u00f6s suoritusmerkinn\u00e4ll\u00e4 (S=suoritettu, H=hyl\u00e4tty). Opintojaksojen arviointitapa on ilmoitettu opintojaksoselosteissa. Arviointimerkinn\u00e4t: 5-10 = opintojakso suoritettu 4 tai H = hyl\u00e4tty (ks. opintojaksojen suorittaminen)K = suoritus kesken (ks. [&hellip;]<\/p>\n","protected":false},"author":1,"featured_media":0,"parent":2401,"menu_order":0,"comment_status":"closed","ping_status":"closed","template":"","meta":{"ocean_post_layout":"","ocean_both_sidebars_style":"","ocean_both_sidebars_content_width":0,"ocean_both_sidebars_sidebars_width":0,"ocean_sidebar":"0","ocean_second_sidebar":"0","ocean_disable_margins":"enable","ocean_add_body_class":"","ocean_shortcode_before_top_bar":"","ocean_shortcode_after_top_bar":"","ocean_shortcode_before_header":"","ocean_shortcode_after_header":"","ocean_has_shortcode":"","ocean_shortcode_after_title":"","ocean_shortcode_before_footer_widgets":"","ocean_shortcode_after_footer_widgets":"","ocean_shortcode_before_footer_bottom":"","ocean_shortcode_after_footer_bottom":"","ocean_display_top_bar":"default","ocean_display_header":"default","ocean_header_style":"","ocean_center_header_left_menu":"0","ocean_custom_header_template":"0","ocean_custom_logo":0,"ocean_custom_retina_logo":0,"ocean_custom_logo_max_width":0,"ocean_custom_logo_tablet_max_width":0,"ocean_custom_logo_mobile_max_width":0,"ocean_custom_logo_max_height":0,"ocean_custom_logo_tablet_max_height":0,"ocean_custom_logo_mobile_max_height":0,"ocean_header_custom_menu":"0","ocean_menu_typo_font_family":"0","ocean_menu_typo_font_subset":"","ocean_menu_typo_font_size":0,"ocean_menu_typo_font_size_tablet":0,"ocean_menu_typo_font_size_mobile":0,"ocean_menu_typo_font_size_unit":"px","ocean_menu_typo_font_weight":"","ocean_menu_typo_font_weight_tablet":"","ocean_menu_typo_font_weight_mobile":"","ocean_menu_typo_transform":"","ocean_menu_typo_transform_tablet":"","ocean_menu_typo_transform_mobile":"","ocean_menu_typo_line_height":0,"ocean_menu_typo_line_height_tablet":0,"ocean_menu_typo_line_height_mobile":0,"ocean_menu_typo_line_height_unit":"","ocean_menu_typo_spacing":0,"ocean_menu_typo_spacing_tablet":0,"ocean_menu_typo_spacing_mobile":0,"ocean_menu_typo_spacing_unit":"","ocean_menu_link_color":"","ocean_menu_link_color_hover":"","ocean_menu_link_color_active":"","ocean_menu_link_background":"","ocean_menu_link_hover_background":"","ocean_menu_link_active_background":"","ocean_menu_social_links_bg":"","ocean_menu_social_hover_links_bg":"","ocean_menu_social_links_color":"","ocean_menu_social_hover_links_color":"","ocean_disable_title":"default","ocean_disable_heading":"default","ocean_post_title":"","ocean_post_subheading":"","ocean_post_title_style":"","ocean_post_title_background_color":"","ocean_post_title_background":0,"ocean_post_title_bg_image_position":"","ocean_post_title_bg_image_attachment":"","ocean_post_title_bg_image_repeat":"","ocean_post_title_bg_image_size":"","ocean_post_title_height":0,"ocean_post_title_bg_overlay":0.5,"ocean_post_title_bg_overlay_color":"","ocean_disable_breadcrumbs":"default","ocean_breadcrumbs_color":"","ocean_breadcrumbs_separator_color":"","ocean_breadcrumbs_links_color":"","ocean_breadcrumbs_links_hover_color":"","ocean_display_footer_widgets":"default","ocean_display_footer_bottom":"default","ocean_custom_footer_template":"0","footnotes":""},"class_list":["post-2394","page","type-page","status-publish","hentry","entry"],"_links":{"self":[{"href":"https:\/\/www.raisionlukio.fi\/index.php?rest_route=\/wp\/v2\/pages\/2394","targetHints":{"allow":["GET"]}}],"collection":[{"href":"https:\/\/www.raisionlukio.fi\/index.php?rest_route=\/wp\/v2\/pages"}],"about":[{"href":"https:\/\/www.raisionlukio.fi\/index.php?rest_route=\/wp\/v2\/types\/page"}],"author":[{"embeddable":true,"href":"https:\/\/www.raisionlukio.fi\/index.php?rest_route=\/wp\/v2\/users\/1"}],"replies":[{"embeddable":true,"href":"https:\/\/www.raisionlukio.fi\/index.php?rest_route=%2Fwp%2Fv2%2Fcomments&post=2394"}],"version-history":[{"count":20,"href":"https:\/\/www.raisionlukio.fi\/index.php?rest_route=\/wp\/v2\/pages\/2394\/revisions"}],"predecessor-version":[{"id":4859,"href":"https:\/\/www.raisionlukio.fi\/index.php?rest_route=\/wp\/v2\/pages\/2394\/revisions\/4859"}],"up":[{"embeddable":true,"href":"https:\/\/www.raisionlukio.fi\/index.php?rest_route=\/wp\/v2\/pages\/2401"}],"wp:attachment":[{"href":"https:\/\/www.raisionlukio.fi\/index.php?rest_route=%2Fwp%2Fv2%2Fmedia&parent=2394"}],"curies":[{"name":"wp","href":"https:\/\/api.w.org\/{rel}","templated":true}]}}