{"id":2391,"date":"2020-05-22T09:35:37","date_gmt":"2020-05-22T06:35:37","guid":{"rendered":"http:\/\/10.3.14.4\/?page_id=2391"},"modified":"2025-10-02T11:05:25","modified_gmt":"2025-10-02T08:05:25","slug":"kurssien-suorittaminen","status":"publish","type":"page","link":"https:\/\/www.raisionlukio.fi\/?page_id=2391","title":{"rendered":"OPINTOJAKSOJEN SUORITTAMINEN"},"content":{"rendered":"\t\t<div data-elementor-type=\"wp-page\" data-elementor-id=\"2391\" class=\"elementor elementor-2391\">\n\t\t\t\t\t\t<section class=\"elementor-section elementor-top-section elementor-element elementor-element-9b3982a elementor-section-boxed elementor-section-height-default elementor-section-height-default\" data-id=\"9b3982a\" data-element_type=\"section\" data-e-type=\"section\">\n\t\t\t\t\t\t<div class=\"elementor-container elementor-column-gap-default\">\n\t\t\t\t\t<div class=\"elementor-column elementor-col-100 elementor-top-column elementor-element elementor-element-abd8e50\" data-id=\"abd8e50\" data-element_type=\"column\" data-e-type=\"column\">\n\t\t\t<div class=\"elementor-widget-wrap elementor-element-populated\">\n\t\t\t\t\t\t<div class=\"elementor-element elementor-element-b90ef11 elementor-widget elementor-widget-text-editor\" data-id=\"b90ef11\" data-element_type=\"widget\" data-e-type=\"widget\" data-widget_type=\"text-editor.default\">\n\t\t\t\t<div class=\"elementor-widget-container\">\n\t\t\t\t\t\t\t\t\t<h3>\u00a01 Opintojakson suorittaminen itsen\u00e4isesti<\/h3><p>Osan opintojaksoista voi opettajan luvalla suorittaa opiskelemalla opintojakso itsen\u00e4isesti ja suorittamalla mahdollinen loppukoe p\u00e4\u00e4s\u00e4\u00e4nt\u00f6isesti silloin, kun opintojakso on tarjolla. Suoritusohjeet itsen\u00e4iseen opiskeluun antaa kyseisen opintojakson opettaja. Opintojaksolle on ilmoittauduttava ko. opettajalle viimeist\u00e4\u00e4n ensimm\u00e4isell\u00e4 oppitunnilla. Josopintojakso sopii opiskelijan lukuj\u00e4rjestykseen, suositellaan opetukseen osallistumista.<\/p><p>Itsen\u00e4ist\u00e4 suorittamista ei suositella, mik\u00e4li aiemmin suoritettujen opintojaksojen keskiarvo ei ole v\u00e4hint\u00e4\u00e4n 7 tai jos oppiaineessa on vain yksi pakollinen opintojakso. Itsen\u00e4isesti opiskellusta opintojaksosta edellytet\u00e4\u00e4n hyv\u00e4ksytty arvosana. Muussa tapauksessa arvosana on E, ja opintojakso on suoritettava osallistumalla opetukseen.<\/p><p>Opintojaksoja, joiden p\u00e4\u00e4paino on suullisessa ty\u00f6skentelyss\u00e4, voi suorittaa itsen\u00e4isesti vain eritt\u00e4in painavasta syyst\u00e4 rehtorin ja opettajan luvalla.<\/p><p>Taito- ja taideaineiden pakollisten opintojaksojen itsen\u00e4inen suoritus vain erityisen painavista syist\u00e4.<\/p><h3>2 Hyl\u00e4tyn opintojakson (4 tai H) uusiminen<\/h3><p>Opiskelijalla, jolla on opintojaksosta hyl\u00e4tty arvosana (4 tai H), on oikeus suorittaa opintojakso <strong>yhden kerran<\/strong> uudelleen opetukseen osallistumatta.<\/p><ul><li>Ensisijaisesti suorittamalla opintojaksoon liittyv\u00e4t kokeet silloin, kun opintojakso on tarjolla (opiskelijan on ilmoittauduttava opettajalle opintojakson aloitusp\u00e4iv\u00e4n\u00e4).<\/li><li>Hyl\u00e4tty\u00e4 opintojaksoa l\u00e4hinn\u00e4 seuraavassa uusintakoep\u00e4iv\u00e4n\u00e4 (enint\u00e4\u00e4n kaksi koetta kerrallaan). Ilmoittautuminen tapahtuu Wilman kautta s\u00e4hk\u00f6isesti.<br \/>Mik\u00e4li opiskelija haluaa korottaa uusinnasta saatua hyl\u00e4tty\u00e4 arvosanaa, h\u00e4nen on osallistuttava uudestaan opetukseen.<\/li><\/ul><h3>3 Keskener\u00e4isen opintojakson (K) suoritus<\/h3><p><span style=\"font-weight: 400;\">Mik\u00e4li opiskelijalta j\u00e4\u00e4 jakson aikana opintojakson suoritus kesken (K-merkint\u00e4), se on teht\u00e4v\u00e4 valmiiksi mahdollisimman pian. Opiskelijan tulee itse katsoa Wilman Opinnot-kohdasta, mit\u00e4 suorituksesta puuttuu ja sopia ennen seuraavaa uusintakoep\u00e4iv\u00e4\u00e4 opintojakson opettajan kanssa suoritusten tekemisest\u00e4.<\/span><\/p><p><span style=\"font-weight: 400;\">Mik\u00e4li opiskelija ei suorita opintojaksoa loppuun opettajan kanssa sovitulla tavalla K-merkint\u00e4 poistuu ja opintojakso on suoritettava uudelleen. 3.-5. jaksojen K-merkinn\u00e4t poistuvat seuraavan lukuvuoden ensimm\u00e4isen uusintakoep\u00e4iv\u00e4n arvioinnin yhteydess\u00e4 ja 1. ja 2. jaksojen K-merkinn\u00e4t poistuvat 3. jakson lopussa.<\/span><\/p><h3>4 E-merkint\u00e4<\/h3><p><span style=\"font-weight: 400;\">Opiskelija voi saada opintojaksosta E-merkinn\u00e4n, mik\u00e4li opettajalla ei ole riitt\u00e4v\u00e4sti n\u00e4ytt\u00f6\u00e4 kurssin arvioimiseksi (esim. opiskelijalla on liikaa poissaoloja tai tekem\u00e4tt\u00f6mi\u00e4 teht\u00e4vi\u00e4).<\/span><\/p><p><span style=\"font-weight: 400;\">E-merkinn\u00e4t poistuvat jakson uusintakoep\u00e4iv\u00e4n arvioinnin yhteydess\u00e4.<\/span><\/p><h3>5 Hyv\u00e4ksytyn opintojakson korottaminen<\/h3><p>Reaaliaineissa voi suorittaa uudelleen mink\u00e4 tahansaopintojakson ja muissa oppiaineissa opiskelijalla on oikeus suorittaa uudelleen kaikkien oppim\u00e4\u00e4rien viimeisin suorittamansa opintojakso sek\u00e4 kaksi sit\u00e4 edelt\u00e4nytt\u00e4 opintojaksoa.<\/p><ul><li>Osallistumalla opintojakson kokeisiin ja\/tai opintojakson opetukseen, <strong>kun opintojakso on tarjolla<\/strong> (sovittava opettajan kanssa).<\/li><li>Osallistumalla korotuskoep\u00e4iv\u00e4\u00e4n, joiden ajankohta on elokuussa ja maaliskuussa (enint\u00e4\u00e4n kaksi koetta kerrallaan). Ilmoittautuminen tapahtuu Wilman kautta s\u00e4hk\u00f6isesti.<ul><li>Elokuun korotuskoep\u00e4iv\u00e4n\u00e4 voi korottaa edelt\u00e4v\u00e4n lukuvuoden jaksojen 4 ja 5 opintojaksojen arvosanoja.<\/li><li>Maaliskuun korotuskoep\u00e4iv\u00e4n\u00e4 voi korottaa jaksojen 1, 2 ja 3 opintojaksojen arvosanoja.<br \/>Lopulliseksi arvosanaksi tulee suorituksista parempi.<\/li><\/ul><\/li><\/ul><h3>6 Opintojen hyv\u00e4ksilukeminen<\/h3><p>Muualla suoritetut opinnot otetaan hakemuksesta huomioon. Opintojaksovastaavuudesta p\u00e4\u00e4tt\u00e4\u00e4 rehtori keskusteltuaan oppiaineen opettajan kanssa. Arvioinnista p\u00e4\u00e4tt\u00e4v\u00e4t rehtori ja oppiaineen opettaja yhdess\u00e4.<\/p><p>Muualla suoritettujen opintojen hyv\u00e4ksiluku<\/p><ul><li>Toisen lukiokoulutusta antavan oppilaitoksen my\u00f6nt\u00e4m\u00e4n todistuksen perusteella esitetyt suoritukset hyv\u00e4ksiluetaan sellaisenaan.<\/li><li>Mik\u00e4li opiskelija osoittaa hankkineensa jotakin opintojaksoa vastaavan osaamisen muualla kuin lukiokoulutusta antavassa oppilaitoksessa, hyv\u00e4ksiluetaan osoitettu osaaminen rehtorin p\u00e4\u00e4t\u00f6ksell\u00e4 tavoitteiltaan vastaavan opintojakson suoritukseksi.<\/li><li>Muut koulutukset ja kurssit arvioidaan tapauskohtaisesti ja ne voidaan lukea hyv\u00e4ksi rehtorin p\u00e4\u00e4tt\u00e4m\u00e4ll\u00e4 tavalla koulukohtaisiksi valinnaisiksi opinnoiksi.<\/li><li><strong><a href=\"https:\/\/docs.google.com\/document\/d\/1IIEvxv_mYAw_MEouPRKh8Uq0BO1ML9OwmboF0J0X248\/edit\">Lista hyv\u00e4ksiluettavista suorituksista.<\/a><\/strong><\/li><\/ul>\t\t\t\t\t\t\t\t<\/div>\n\t\t\t\t<\/div>\n\t\t\t\t\t<\/div>\n\t\t<\/div>\n\t\t\t\t\t<\/div>\n\t\t<\/section>\n\t\t\t\t<\/div>\n\t\t","protected":false},"excerpt":{"rendered":"<p>\u00a01 Opintojakson suorittaminen itsen\u00e4isesti Osan opintojaksoista voi opettajan luvalla suorittaa opiskelemalla opintojakso itsen\u00e4isesti ja suorittamalla mahdollinen loppukoe p\u00e4\u00e4s\u00e4\u00e4nt\u00f6isesti silloin, kun opintojakso on tarjolla. Suoritusohjeet itsen\u00e4iseen opiskeluun antaa kyseisen opintojakson opettaja. Opintojaksolle on ilmoittauduttava ko. opettajalle viimeist\u00e4\u00e4n ensimm\u00e4isell\u00e4 oppitunnilla. Josopintojakso sopii opiskelijan lukuj\u00e4rjestykseen, suositellaan opetukseen osallistumista. Itsen\u00e4ist\u00e4 suorittamista ei suositella, mik\u00e4li aiemmin suoritettujen opintojaksojen keskiarvo ei [&hellip;]<\/p>\n","protected":false},"author":1,"featured_media":0,"parent":2401,"menu_order":0,"comment_status":"closed","ping_status":"closed","template":"","meta":{"ocean_post_layout":"","ocean_both_sidebars_style":"","ocean_both_sidebars_content_width":0,"ocean_both_sidebars_sidebars_width":0,"ocean_sidebar":"0","ocean_second_sidebar":"0","ocean_disable_margins":"enable","ocean_add_body_class":"","ocean_shortcode_before_top_bar":"","ocean_shortcode_after_top_bar":"","ocean_shortcode_before_header":"","ocean_shortcode_after_header":"","ocean_has_shortcode":"","ocean_shortcode_after_title":"","ocean_shortcode_before_footer_widgets":"","ocean_shortcode_after_footer_widgets":"","ocean_shortcode_before_footer_bottom":"","ocean_shortcode_after_footer_bottom":"","ocean_display_top_bar":"default","ocean_display_header":"default","ocean_header_style":"","ocean_center_header_left_menu":"0","ocean_custom_header_template":"0","ocean_custom_logo":0,"ocean_custom_retina_logo":0,"ocean_custom_logo_max_width":0,"ocean_custom_logo_tablet_max_width":0,"ocean_custom_logo_mobile_max_width":0,"ocean_custom_logo_max_height":0,"ocean_custom_logo_tablet_max_height":0,"ocean_custom_logo_mobile_max_height":0,"ocean_header_custom_menu":"0","ocean_menu_typo_font_family":"0","ocean_menu_typo_font_subset":"","ocean_menu_typo_font_size":0,"ocean_menu_typo_font_size_tablet":0,"ocean_menu_typo_font_size_mobile":0,"ocean_menu_typo_font_size_unit":"px","ocean_menu_typo_font_weight":"","ocean_menu_typo_font_weight_tablet":"","ocean_menu_typo_font_weight_mobile":"","ocean_menu_typo_transform":"","ocean_menu_typo_transform_tablet":"","ocean_menu_typo_transform_mobile":"","ocean_menu_typo_line_height":0,"ocean_menu_typo_line_height_tablet":0,"ocean_menu_typo_line_height_mobile":0,"ocean_menu_typo_line_height_unit":"","ocean_menu_typo_spacing":0,"ocean_menu_typo_spacing_tablet":0,"ocean_menu_typo_spacing_mobile":0,"ocean_menu_typo_spacing_unit":"","ocean_menu_link_color":"","ocean_menu_link_color_hover":"","ocean_menu_link_color_active":"","ocean_menu_link_background":"","ocean_menu_link_hover_background":"","ocean_menu_link_active_background":"","ocean_menu_social_links_bg":"","ocean_menu_social_hover_links_bg":"","ocean_menu_social_links_color":"","ocean_menu_social_hover_links_color":"","ocean_disable_title":"default","ocean_disable_heading":"default","ocean_post_title":"","ocean_post_subheading":"","ocean_post_title_style":"","ocean_post_title_background_color":"","ocean_post_title_background":0,"ocean_post_title_bg_image_position":"","ocean_post_title_bg_image_attachment":"","ocean_post_title_bg_image_repeat":"","ocean_post_title_bg_image_size":"","ocean_post_title_height":0,"ocean_post_title_bg_overlay":0.5,"ocean_post_title_bg_overlay_color":"","ocean_disable_breadcrumbs":"default","ocean_breadcrumbs_color":"","ocean_breadcrumbs_separator_color":"","ocean_breadcrumbs_links_color":"","ocean_breadcrumbs_links_hover_color":"","ocean_display_footer_widgets":"default","ocean_display_footer_bottom":"default","ocean_custom_footer_template":"0","footnotes":""},"class_list":["post-2391","page","type-page","status-publish","hentry","entry"],"_links":{"self":[{"href":"https:\/\/www.raisionlukio.fi\/index.php?rest_route=\/wp\/v2\/pages\/2391","targetHints":{"allow":["GET"]}}],"collection":[{"href":"https:\/\/www.raisionlukio.fi\/index.php?rest_route=\/wp\/v2\/pages"}],"about":[{"href":"https:\/\/www.raisionlukio.fi\/index.php?rest_route=\/wp\/v2\/types\/page"}],"author":[{"embeddable":true,"href":"https:\/\/www.raisionlukio.fi\/index.php?rest_route=\/wp\/v2\/users\/1"}],"replies":[{"embeddable":true,"href":"https:\/\/www.raisionlukio.fi\/index.php?rest_route=%2Fwp%2Fv2%2Fcomments&post=2391"}],"version-history":[{"count":20,"href":"https:\/\/www.raisionlukio.fi\/index.php?rest_route=\/wp\/v2\/pages\/2391\/revisions"}],"predecessor-version":[{"id":4863,"href":"https:\/\/www.raisionlukio.fi\/index.php?rest_route=\/wp\/v2\/pages\/2391\/revisions\/4863"}],"up":[{"embeddable":true,"href":"https:\/\/www.raisionlukio.fi\/index.php?rest_route=\/wp\/v2\/pages\/2401"}],"wp:attachment":[{"href":"https:\/\/www.raisionlukio.fi\/index.php?rest_route=%2Fwp%2Fv2%2Fmedia&parent=2391"}],"curies":[{"name":"wp","href":"https:\/\/api.w.org\/{rel}","templated":true}]}}