{"id":2348,"date":"2020-05-21T23:25:40","date_gmt":"2020-05-21T20:25:40","guid":{"rendered":"http:\/\/10.3.14.4\/?page_id=2348"},"modified":"2024-08-08T11:22:11","modified_gmt":"2024-08-08T08:22:11","slug":"jarjestyssaannot","status":"publish","type":"page","link":"https:\/\/www.raisionlukio.fi\/?page_id=2348","title":{"rendered":"J\u00c4RJESTYSS\u00c4\u00c4NN\u00d6T"},"content":{"rendered":"\t\t<div data-elementor-type=\"wp-page\" data-elementor-id=\"2348\" class=\"elementor elementor-2348\">\n\t\t\t\t\t\t<section class=\"elementor-section elementor-top-section elementor-element elementor-element-c561fa3 elementor-section-boxed elementor-section-height-default elementor-section-height-default\" data-id=\"c561fa3\" data-element_type=\"section\" data-e-type=\"section\">\n\t\t\t\t\t\t<div class=\"elementor-container elementor-column-gap-default\">\n\t\t\t\t\t<div class=\"elementor-column elementor-col-100 elementor-top-column elementor-element elementor-element-f3035b4\" data-id=\"f3035b4\" data-element_type=\"column\" data-e-type=\"column\">\n\t\t\t<div class=\"elementor-widget-wrap elementor-element-populated\">\n\t\t\t\t\t\t<div class=\"elementor-element elementor-element-5969eed elementor-widget elementor-widget-text-editor\" data-id=\"5969eed\" data-element_type=\"widget\" data-e-type=\"widget\" data-widget_type=\"text-editor.default\">\n\t\t\t\t<div class=\"elementor-widget-container\">\n\t\t\t\t\t\t\t\t\t<h3>I J\u00c4RJESTYSS\u00c4\u00c4NT\u00d6JEN TARKOITUS<\/h3><ol><li>J\u00e4rjestyss\u00e4\u00e4nt\u00f6jen tarkoituksena on taata jokaiselle kouluyhteis\u00f6n j\u00e4senelle turvallinen, viihtyis\u00e4 ja rauhallinen ty\u00f6skentely-ymp\u00e4rist\u00f6.<\/li><li>N\u00e4m\u00e4 j\u00e4rjestyss\u00e4\u00e4nn\u00f6t koskevat kaikkia kouluyhteis\u00f6n j\u00e4seni\u00e4, joita ovat opiskelijat, opettajat ja muu henkil\u00f6kunta.<\/li><\/ol><h3>II KOULUALUE JA KOULUAIKA<\/h3><ol><li>Koulualue k\u00e4sitt\u00e4\u00e4 koulurakennuksen lis\u00e4ksi piha-alueen ja ajoneuvojen pys\u00e4k\u00f6intialueet.<\/li><li>Kouluajalla tarkoitetaan ty\u00f6suunnitelman mukaista ty\u00f6aikaa sek\u00e4 koulun j\u00e4rjest\u00e4mi\u00e4 muita tilaisuuksia, jotka voivat tapahtua my\u00f6s ty\u00f6ajan ulkopuolella.<\/li><\/ol><h3>III P\u00c4IVITT\u00c4INEN TY\u00d6SKENTELY<\/h3><ol><li>Koulun ulko-ovet ovat lukittuina.\u00a0Sis\u00e4\u00e4n p\u00e4\u00e4see klo 7:00 &#8211; 16:15 ovikoodilla, joka jaetaan opiskelijoille Wilmaviestill\u00e4 aina koodin vaihtuessa. Ovet, joiden pieless\u00e4 ei ole ovikoodin sy\u00f6tt\u00f6p\u00e4\u00e4tett\u00e4, eiv\u00e4t ole opiskelijoiden sis\u00e4\u00e4ntuloa varten.<\/li><li>Kulkuv\u00e4lineet on s\u00e4ilytett\u00e4v\u00e4 niille varatuilla paikoilla koulualueella.<\/li><li>Oppitunnit alkavat ja p\u00e4\u00e4ttyv\u00e4t lukuj\u00e4rjestyksess\u00e4 ilmoitettuina ajankohtina. Tarvittaessa opettaja voi poiketa normaalista kouluajasta, jolloin tunteja voidaan j\u00e4rjest\u00e4\u00e4 aikataulun ulkopuolella.<\/li><li>Opiskelijan tulee osallistua opetukseen (Lukiolaki 25 \u00a7). Opiskelija voi olla tunneilta poissa hyv\u00e4ksytt\u00e4v\u00e4st\u00e4 syyst\u00e4, mutta lupa poissaololle pit\u00e4\u00e4 anoa joko ryhm\u00e4nohjaajalta tai rehtorilta. Tunnilta voi olla my\u00f6s poissa kurssin opettajan luvalla.<\/li><li>Opiskelijat ja opettaja luovat yhdess\u00e4 tunnille hyv\u00e4n ty\u00f6rauhan. Opettajalla on oikeus poistaa opetusta h\u00e4iritsev\u00e4 opiskelija luokasta (Lukiolaki 26 \u00a7).<\/li><li>Opettaja voi tarkastaa, onko opiskelijalla hallussa vaarallisia esineit\u00e4, ja ottaa n\u00e4m\u00e4 haltuun (Lukiolaki 21 \u00a7, 26 d \u00a7 ja 26 e \u00a7).<\/li><li>Puhelimien, tietokoneiden ja muiden teknisten laitteiden k\u00e4ytt\u00f6 oppitunnilla muuhun kuin opiskelutarkoitukseen on kielletty.<\/li><li>Puhelin s\u00e4ilytet\u00e4\u00e4n oppitunnin aikana omassa kaapissa tai luokan k\u00e4nnykk\u00e4parkissa. Opettajan tulee s\u00e4ilytt\u00e4\u00e4 puhelintaan ty\u00f6p\u00f6yd\u00e4ll\u00e4 tai muutoin nopeasti saatavilla.<\/li><li>V\u00e4lituntien ja hyppytuntien aikana opiskelija saa poistua koulualueelta omalla vastuullaan.<\/li><\/ol><h3>IV VASTUU OPISKELUV\u00c4LINEIST\u00c4 JA KOULUN OMAISUUDESTA<\/h3><ol><li>Opiskelija on itse vastuussa kaikista omista opiskeluv\u00e4lineist\u00e4\u00e4n, my\u00f6s tietokoneista, tableteista ja laskimista.<\/li><li>Koulun omaisuutta on k\u00e4sitelt\u00e4v\u00e4 huolellisesti. Opiskelija on velvollinen korvaamaan koulun omaisuudelle tahallaan aiheuttamansa vahingon. Kaikista vahingoista on ilmoitettava rehtorille tai jollekin opettajalle.<\/li><li>Jokaisen kouluyhteis\u00f6n j\u00e4senen on huolehdittava siit\u00e4, ett\u00e4 koulualue pysyy siistin\u00e4 ja viihtyis\u00e4n\u00e4.<\/li><\/ol><h3>V P\u00c4IHTEET JA TUPAKOINTI<\/h3><ol><li>Tupakointi sek\u00e4 nuuskan, nikotiinipussien tai s\u00e4hk\u00f6tupakan k\u00e4ytt\u00f6 on kielletty koulualueella (Tupakkalaki 12 \u00a7).<\/li><li>Alkoholin tai huumeiden hallussapito kouluaikana koulualueella on kielletty.<\/li><li>Kouluyhteis\u00f6n j\u00e4sen ei saa olla huumeiden tai p\u00e4ihteiden vaikutuksen alaisena kouluaikana koulualueella.<\/li><\/ol><h3>VI MUU TOIMINTA KOULUTILOISSA<\/h3><ol><li>Kouluyhteis\u00f6n j\u00e4senet voivat k\u00e4ytt\u00e4\u00e4 koulun tiloja kouluajan j\u00e4lkeen vapaaseen harrastustoimintaan. Tilojen k\u00e4ytt\u00f6\u00f6n on pyydett\u00e4v\u00e4 lupa rehtorilta.<\/li><li>Harrastustoiminnassa on noudatettava koulun j\u00e4rjestyss\u00e4\u00e4nt\u00f6j\u00e4.<\/li><li>Mik\u00e4li kyseess\u00e4 on yksitt\u00e4inen tilaisuus, tulee rehtorille ilmoittaa vastaavat opiskelijat ja opettajat. Tilaisuuksien j\u00e4lkeen tilat on siivottava niin, ett\u00e4 ne voidaan ottaa normaaliin k\u00e4ytt\u00f6\u00f6n.<\/li><li>Poliittinen, uskonnollinen ja kaupallinen mainonta, joka ei liity opiskeluun, on koulualueella kielletty\u00e4.<\/li><\/ol>\t\t\t\t\t\t\t\t<\/div>\n\t\t\t\t<\/div>\n\t\t\t\t\t<\/div>\n\t\t<\/div>\n\t\t\t\t\t<\/div>\n\t\t<\/section>\n\t\t\t\t<\/div>\n\t\t","protected":false},"excerpt":{"rendered":"<p>I J\u00c4RJESTYSS\u00c4\u00c4NT\u00d6JEN TARKOITUS J\u00e4rjestyss\u00e4\u00e4nt\u00f6jen tarkoituksena on taata jokaiselle kouluyhteis\u00f6n j\u00e4senelle turvallinen, viihtyis\u00e4 ja rauhallinen ty\u00f6skentely-ymp\u00e4rist\u00f6. N\u00e4m\u00e4 j\u00e4rjestyss\u00e4\u00e4nn\u00f6t koskevat kaikkia kouluyhteis\u00f6n j\u00e4seni\u00e4, joita ovat opiskelijat, opettajat ja muu henkil\u00f6kunta. II KOULUALUE JA KOULUAIKA Koulualue k\u00e4sitt\u00e4\u00e4 koulurakennuksen lis\u00e4ksi piha-alueen ja ajoneuvojen pys\u00e4k\u00f6intialueet. Kouluajalla tarkoitetaan ty\u00f6suunnitelman mukaista ty\u00f6aikaa sek\u00e4 koulun j\u00e4rjest\u00e4mi\u00e4 muita tilaisuuksia, jotka voivat tapahtua my\u00f6s ty\u00f6ajan [&hellip;]<\/p>\n","protected":false},"author":1,"featured_media":0,"parent":2401,"menu_order":0,"comment_status":"closed","ping_status":"closed","template":"","meta":{"ocean_post_layout":"","ocean_both_sidebars_style":"","ocean_both_sidebars_content_width":0,"ocean_both_sidebars_sidebars_width":0,"ocean_sidebar":"0","ocean_second_sidebar":"0","ocean_disable_margins":"enable","ocean_add_body_class":"","ocean_shortcode_before_top_bar":"","ocean_shortcode_after_top_bar":"","ocean_shortcode_before_header":"","ocean_shortcode_after_header":"","ocean_has_shortcode":"","ocean_shortcode_after_title":"","ocean_shortcode_before_footer_widgets":"","ocean_shortcode_after_footer_widgets":"","ocean_shortcode_before_footer_bottom":"","ocean_shortcode_after_footer_bottom":"","ocean_display_top_bar":"default","ocean_display_header":"default","ocean_header_style":"","ocean_center_header_left_menu":"0","ocean_custom_header_template":"0","ocean_custom_logo":0,"ocean_custom_retina_logo":0,"ocean_custom_logo_max_width":0,"ocean_custom_logo_tablet_max_width":0,"ocean_custom_logo_mobile_max_width":0,"ocean_custom_logo_max_height":0,"ocean_custom_logo_tablet_max_height":0,"ocean_custom_logo_mobile_max_height":0,"ocean_header_custom_menu":"0","ocean_menu_typo_font_family":"0","ocean_menu_typo_font_subset":"","ocean_menu_typo_font_size":0,"ocean_menu_typo_font_size_tablet":0,"ocean_menu_typo_font_size_mobile":0,"ocean_menu_typo_font_size_unit":"px","ocean_menu_typo_font_weight":"","ocean_menu_typo_font_weight_tablet":"","ocean_menu_typo_font_weight_mobile":"","ocean_menu_typo_transform":"","ocean_menu_typo_transform_tablet":"","ocean_menu_typo_transform_mobile":"","ocean_menu_typo_line_height":0,"ocean_menu_typo_line_height_tablet":0,"ocean_menu_typo_line_height_mobile":0,"ocean_menu_typo_line_height_unit":"","ocean_menu_typo_spacing":0,"ocean_menu_typo_spacing_tablet":0,"ocean_menu_typo_spacing_mobile":0,"ocean_menu_typo_spacing_unit":"","ocean_menu_link_color":"","ocean_menu_link_color_hover":"","ocean_menu_link_color_active":"","ocean_menu_link_background":"","ocean_menu_link_hover_background":"","ocean_menu_link_active_background":"","ocean_menu_social_links_bg":"","ocean_menu_social_hover_links_bg":"","ocean_menu_social_links_color":"","ocean_menu_social_hover_links_color":"","ocean_disable_title":"default","ocean_disable_heading":"default","ocean_post_title":"","ocean_post_subheading":"","ocean_post_title_style":"","ocean_post_title_background_color":"","ocean_post_title_background":0,"ocean_post_title_bg_image_position":"","ocean_post_title_bg_image_attachment":"","ocean_post_title_bg_image_repeat":"","ocean_post_title_bg_image_size":"","ocean_post_title_height":0,"ocean_post_title_bg_overlay":0.5,"ocean_post_title_bg_overlay_color":"","ocean_disable_breadcrumbs":"default","ocean_breadcrumbs_color":"","ocean_breadcrumbs_separator_color":"","ocean_breadcrumbs_links_color":"","ocean_breadcrumbs_links_hover_color":"","ocean_display_footer_widgets":"default","ocean_display_footer_bottom":"default","ocean_custom_footer_template":"0","footnotes":""},"class_list":["post-2348","page","type-page","status-publish","hentry","entry"],"_links":{"self":[{"href":"https:\/\/www.raisionlukio.fi\/index.php?rest_route=\/wp\/v2\/pages\/2348","targetHints":{"allow":["GET"]}}],"collection":[{"href":"https:\/\/www.raisionlukio.fi\/index.php?rest_route=\/wp\/v2\/pages"}],"about":[{"href":"https:\/\/www.raisionlukio.fi\/index.php?rest_route=\/wp\/v2\/types\/page"}],"author":[{"embeddable":true,"href":"https:\/\/www.raisionlukio.fi\/index.php?rest_route=\/wp\/v2\/users\/1"}],"replies":[{"embeddable":true,"href":"https:\/\/www.raisionlukio.fi\/index.php?rest_route=%2Fwp%2Fv2%2Fcomments&post=2348"}],"version-history":[{"count":11,"href":"https:\/\/www.raisionlukio.fi\/index.php?rest_route=\/wp\/v2\/pages\/2348\/revisions"}],"predecessor-version":[{"id":4652,"href":"https:\/\/www.raisionlukio.fi\/index.php?rest_route=\/wp\/v2\/pages\/2348\/revisions\/4652"}],"up":[{"embeddable":true,"href":"https:\/\/www.raisionlukio.fi\/index.php?rest_route=\/wp\/v2\/pages\/2401"}],"wp:attachment":[{"href":"https:\/\/www.raisionlukio.fi\/index.php?rest_route=%2Fwp%2Fv2%2Fmedia&parent=2348"}],"curies":[{"name":"wp","href":"https:\/\/api.w.org\/{rel}","templated":true}]}}